{"id":29083,"date":"2024-07-19T21:27:46","date_gmt":"2024-07-19T21:27:46","guid":{"rendered":"https:\/\/www.xn--krtler-3ya.com\/muster-seite"},"modified":"2024-10-17T16:59:23","modified_gmt":"2024-10-17T16:59:23","slug":"muster-seite","status":"publish","type":"page","link":"https:\/\/www.xn--krtler-3ya.com\/de\/muster-seite","title":{"rendered":"Muster Seite"},"content":{"rendered":"\n<p>Dies ist eine Beispielseite. Sie unterscheidet sich von einem Blogbeitrag, weil sie an einem Ort bleibt und in der Navigation Ihrer Website angezeigt wird (in den meisten Themes). Die meisten Menschen beginnen mit einer \u00dcber-Seite, auf der sie sich potenziellen Besuchern der Website vorstellen. Sie k\u00f6nnte etwa so lauten:   <\/p>\n\n<blockquote class=\"wp-block-quote is-layout-flow wp-block-quote-is-layout-flow\"><p>Hallo zusammen! Tags\u00fcber bin ich Fahrradkurier, nachts aufstrebender Schauspieler, und dies ist meine Website. Ich lebe in Los Angeles, habe einen tollen Hund namens Jack und trinke gerne Pi\u00f1a Coladas (und bleibe im Regen stehen).   <\/p><\/blockquote>\n\n<p>&#8230;oder etwas in dieser Art:<\/p>\n\n<blockquote class=\"wp-block-quote is-layout-flow wp-block-quote-is-layout-flow\"><p>Die XYZ Doohickey Company wurde 1971 gegr\u00fcndet und stellt seitdem hochwertige Doohickeys f\u00fcr die \u00d6ffentlichkeit her. XYZ hat seinen Sitz in Gotham City und besch\u00e4ftigt \u00fcber 2.000 Mitarbeiter, die alle m\u00f6glichen gro\u00dfartigen Dinge f\u00fcr die Gotham Community tun. <\/p><\/blockquote>\n\n<p>Als neuer WordPress-Benutzer sollten Sie zu <a href=\"https:\/\/kora24.de\/wp-admin\/\">Ihrem Dashboard<\/a> gehen, um diese Seite zu l\u00f6schen und neue Seiten f\u00fcr Ihre Inhalte zu erstellen. Viel Spa\u00df! <\/p>\n","protected":false},"excerpt":{"rendered":"<p>Dies ist eine Beispielseite. Sie unterscheidet sich von einem Blogbeitrag, weil sie an einem Ort bleibt und in der Navigation Ihrer Website angezeigt wird (in den meisten Themes). Die meisten Menschen beginnen mit einer \u00dcber-Seite, auf der sie sich potenziellen Besuchern der Website vorstellen. Sie k\u00f6nnte etwa so lauten: Hallo zusammen! Tags\u00fcber bin ich Fahrradkurier, &hellip;<\/p>\n","protected":false},"author":1,"featured_media":0,"parent":0,"menu_order":0,"comment_status":"closed","ping_status":"open","template":"","meta":{"footnotes":""},"class_list":["post-29083","page","type-page","status-publish","hentry"],"yoast_head":"<!-- This site is optimized with the Yoast SEO plugin v23.7 - https:\/\/yoast.com\/wordpress\/plugins\/seo\/ -->\n<title>Muster Seite - Mit Liebe gebastelt<\/title>\n<meta name=\"robots\" content=\"index, follow, max-snippet:-1, max-image-preview:large, max-video-preview:-1\" \/>\n<link rel=\"canonical\" href=\"https:\/\/www.xn--krtler-3ya.com\/de\/muster-seite\" \/>\n<meta property=\"og:locale\" content=\"de_DE\" \/>\n<meta property=\"og:type\" content=\"article\" \/>\n<meta property=\"og:title\" content=\"Muster Seite - Mit Liebe gebastelt\" \/>\n<meta property=\"og:description\" content=\"Dies ist eine Beispielseite. Sie unterscheidet sich von einem Blogbeitrag, weil sie an einem Ort bleibt und in der Navigation Ihrer Website angezeigt wird (in den meisten Themes). Die meisten Menschen beginnen mit einer \u00dcber-Seite, auf der sie sich potenziellen Besuchern der Website vorstellen. Sie k\u00f6nnte etwa so lauten: Hallo zusammen! Tags\u00fcber bin ich Fahrradkurier, &hellip;\" \/>\n<meta property=\"og:url\" content=\"https:\/\/www.xn--krtler-3ya.com\/de\/muster-seite\" \/>\n<meta property=\"og:site_name\" content=\"Mit Liebe gebastelt\" \/>\n<meta property=\"article:modified_time\" content=\"2024-10-17T16:59:23+00:00\" \/>\n<meta name=\"twitter:card\" content=\"summary_large_image\" \/>\n<meta name=\"twitter:label1\" content=\"Gesch\u00e4tzte Lesezeit\" \/>\n\t<meta name=\"twitter:data1\" content=\"1\u00a0Minute\" \/>\n<script type=\"application\/ld+json\" class=\"yoast-schema-graph\">{\"@context\":\"https:\/\/schema.org\",\"@graph\":[{\"@type\":\"WebPage\",\"@id\":\"https:\/\/www.xn--krtler-3ya.com\/de\/muster-seite\",\"url\":\"https:\/\/www.xn--krtler-3ya.com\/de\/muster-seite\",\"name\":\"Muster Seite - Mit Liebe gebastelt\",\"isPartOf\":{\"@id\":\"https:\/\/www.xn--krtler-3ya.com\/de#website\"},\"datePublished\":\"2024-07-19T21:27:46+00:00\",\"dateModified\":\"2024-10-17T16:59:23+00:00\",\"breadcrumb\":{\"@id\":\"https:\/\/www.xn--krtler-3ya.com\/de\/muster-seite#breadcrumb\"},\"inLanguage\":\"de\",\"potentialAction\":[{\"@type\":\"ReadAction\",\"target\":[\"https:\/\/www.xn--krtler-3ya.com\/de\/muster-seite\"]}]},{\"@type\":\"BreadcrumbList\",\"@id\":\"https:\/\/www.xn--krtler-3ya.com\/de\/muster-seite#breadcrumb\",\"itemListElement\":[{\"@type\":\"ListItem\",\"position\":1,\"name\":\"Startseite\",\"item\":\"https:\/\/www.xn--krtler-3ya.com\/de\"},{\"@type\":\"ListItem\",\"position\":2,\"name\":\"Muster Seite\"}]},{\"@type\":\"WebSite\",\"@id\":\"https:\/\/www.xn--krtler-3ya.com\/de#website\",\"url\":\"https:\/\/www.xn--krtler-3ya.com\/de\",\"name\":\"k\u00fcrtler\",\"description\":\"\",\"potentialAction\":[{\"@type\":\"SearchAction\",\"target\":{\"@type\":\"EntryPoint\",\"urlTemplate\":\"https:\/\/www.xn--krtler-3ya.com\/de?s={search_term_string}\"},\"query-input\":{\"@type\":\"PropertyValueSpecification\",\"valueRequired\":true,\"valueName\":\"search_term_string\"}}],\"inLanguage\":\"de\"}]}<\/script>\n<!-- \/ Yoast SEO plugin. -->","yoast_head_json":{"title":"Muster Seite - Mit Liebe gebastelt","robots":{"index":"index","follow":"follow","max-snippet":"max-snippet:-1","max-image-preview":"max-image-preview:large","max-video-preview":"max-video-preview:-1"},"canonical":"https:\/\/www.xn--krtler-3ya.com\/de\/muster-seite","og_locale":"de_DE","og_type":"article","og_title":"Muster Seite - Mit Liebe gebastelt","og_description":"Dies ist eine Beispielseite. Sie unterscheidet sich von einem Blogbeitrag, weil sie an einem Ort bleibt und in der Navigation Ihrer Website angezeigt wird (in den meisten Themes). Die meisten Menschen beginnen mit einer \u00dcber-Seite, auf der sie sich potenziellen Besuchern der Website vorstellen. Sie k\u00f6nnte etwa so lauten: Hallo zusammen! Tags\u00fcber bin ich Fahrradkurier, &hellip;","og_url":"https:\/\/www.xn--krtler-3ya.com\/de\/muster-seite","og_site_name":"Mit Liebe gebastelt","article_modified_time":"2024-10-17T16:59:23+00:00","twitter_card":"summary_large_image","twitter_misc":{"Gesch\u00e4tzte Lesezeit":"1\u00a0Minute"},"schema":{"@context":"https:\/\/schema.org","@graph":[{"@type":"WebPage","@id":"https:\/\/www.xn--krtler-3ya.com\/de\/muster-seite","url":"https:\/\/www.xn--krtler-3ya.com\/de\/muster-seite","name":"Muster Seite - Mit Liebe gebastelt","isPartOf":{"@id":"https:\/\/www.xn--krtler-3ya.com\/de#website"},"datePublished":"2024-07-19T21:27:46+00:00","dateModified":"2024-10-17T16:59:23+00:00","breadcrumb":{"@id":"https:\/\/www.xn--krtler-3ya.com\/de\/muster-seite#breadcrumb"},"inLanguage":"de","potentialAction":[{"@type":"ReadAction","target":["https:\/\/www.xn--krtler-3ya.com\/de\/muster-seite"]}]},{"@type":"BreadcrumbList","@id":"https:\/\/www.xn--krtler-3ya.com\/de\/muster-seite#breadcrumb","itemListElement":[{"@type":"ListItem","position":1,"name":"Startseite","item":"https:\/\/www.xn--krtler-3ya.com\/de"},{"@type":"ListItem","position":2,"name":"Muster Seite"}]},{"@type":"WebSite","@id":"https:\/\/www.xn--krtler-3ya.com\/de#website","url":"https:\/\/www.xn--krtler-3ya.com\/de","name":"k\u00fcrtler","description":"","potentialAction":[{"@type":"SearchAction","target":{"@type":"EntryPoint","urlTemplate":"https:\/\/www.xn--krtler-3ya.com\/de?s={search_term_string}"},"query-input":{"@type":"PropertyValueSpecification","valueRequired":true,"valueName":"search_term_string"}}],"inLanguage":"de"}]}},"amp_enabled":true,"_links":{"self":[{"href":"https:\/\/www.xn--krtler-3ya.com\/de\/wp-json\/wp\/v2\/pages\/29083","targetHints":{"allow":["GET"]}}],"collection":[{"href":"https:\/\/www.xn--krtler-3ya.com\/de\/wp-json\/wp\/v2\/pages"}],"about":[{"href":"https:\/\/www.xn--krtler-3ya.com\/de\/wp-json\/wp\/v2\/types\/page"}],"author":[{"embeddable":true,"href":"https:\/\/www.xn--krtler-3ya.com\/de\/wp-json\/wp\/v2\/users\/1"}],"replies":[{"embeddable":true,"href":"https:\/\/www.xn--krtler-3ya.com\/de\/wp-json\/wp\/v2\/comments?post=29083"}],"version-history":[{"count":1,"href":"https:\/\/www.xn--krtler-3ya.com\/de\/wp-json\/wp\/v2\/pages\/29083\/revisions"}],"predecessor-version":[{"id":29084,"href":"https:\/\/www.xn--krtler-3ya.com\/de\/wp-json\/wp\/v2\/pages\/29083\/revisions\/29084"}],"wp:attachment":[{"href":"https:\/\/www.xn--krtler-3ya.com\/de\/wp-json\/wp\/v2\/media?parent=29083"}],"curies":[{"name":"wp","href":"https:\/\/api.w.org\/{rel}","templated":true}]}}