{"id":29139,"date":"2021-02-24T01:44:23","date_gmt":"2021-02-24T01:44:23","guid":{"rendered":"https:\/\/www.xn--krtler-3ya.com\/bekanntmachung-der-rechtswidrigkeit"},"modified":"2021-02-24T01:44:23","modified_gmt":"2021-02-24T01:44:23","slug":"bekanntmachung-der-rechtswidrigkeit","status":"publish","type":"page","link":"https:\/\/www.xn--krtler-3ya.com\/de\/bekanntmachung-der-rechtswidrigkeit","title":{"rendered":"Bekanntmachung der Rechtswidrigkeit"},"content":{"rendered":"<p><strong>www.k\u00fcrtler.com<\/strong> hat sich verpflichtet, die Rechte am geistigen Eigentum und die Pers\u00f6nlichkeitsrechte der \u00d6ffentlichkeit, der Gesch\u00e4ftspartner und Dritter zu respektieren und die gesetzlichen Bestimmungen auf unserer Webseite einzuhalten. <strong>K\u00fcrtler.com<\/strong> dient als<strong>&#8222;Inhaltsanbieter<\/strong>&#8220; im Sinne des Gesetzes Nr. 5651 zur &#8222;Regulierung von Ver\u00f6ffentlichungen im Internet und zur Bek\u00e4mpfung von durch diese Ver\u00f6ffentlichungen begangenen Straftaten&#8220; in Bezug auf die von seinen Mitgliedern und Nutzern erstellten Inhalte. <strong>K\u00fcrtler.com<\/strong> ist nicht verpflichtet zu pr\u00fcfen, ob die von seinen Nutzern und Mitgliedern erstellten Inhalte illegal sind. K\u00fcrtler.com hat die Methode<strong>&#8222;WARN and REMOVE<\/strong>&#8220; f\u00fcr rechtswidrige Inhalte und Inhalte, die als Verletzung der Rechte Dritter angesehen werden, \u00fcbernommen. <strong>K\u00fcrtler.<\/strong><br \/>\nc <strong>om<\/strong> die Pers\u00f6nlichkeitsrechte, geistige und gewerbliche Rechte, benachbarte oder verwandte Rechteinhaber oder Berufsverb\u00e4nde verletzt, &#8211; die URL-Adresse des rechtsverletzenden Inhalts und das Subjekt des rechtsverletzenden Inhalts, &#8211; ein Dokument, das die Identit\u00e4t der realen Person belegt,<\/p>\n<p> wenn es sich um eine juristische Person handelt, eine Kammerregistrierungsbescheinigung, wenn es sich um einen Berufsverband handelt, ein Anforderungsschreiben auf Briefpapier mit der Unterschrift der bevollm\u00e4chtigten Person, &#8211; Vollmacht, wenn die Vollmacht verwendet wird, um durch einen Bevollm\u00e4chtigten zu handeln, &#8211; Dokument, aus dem hervorgeht, dass es sich um den Rechtsinhaber bei Anfragen im Zusammenhang mit geistigen und gewerblichen Rechten handelt, &#8211; Offener Name\/Titel und offene Kontaktadressen.com&#8217;s<strong>hukuk@k\u00fcrtler.com <\/strong>E-Mail Adresse. Die \u00fcber diese elektronische Kommunikationsadresse eingegangenen Anfragen und Beschwerden werden vom juristischen Dienst gepr\u00fcft, und wenn es f\u00fcr notwendig erachtet wird, werden die rechtsverletzenden Inhalte so schnell wie m\u00f6glich aus dem System von <strong>K\u00fcrtler.com<\/strong> entfernt und der Adressat wird dar\u00fcber informiert.<\/p>\n","protected":false},"excerpt":{"rendered":"<p>www.k\u00fcrtler.com hat sich verpflichtet, die Rechte am geistigen Eigentum und die Pers\u00f6nlichkeitsrechte der \u00d6ffentlichkeit, der Gesch\u00e4ftspartner und Dritter zu respektieren und die gesetzlichen Bestimmungen auf unserer Webseite einzuhalten. K\u00fcrtler.com dient als&#8222;Inhaltsanbieter&#8220; im Sinne des Gesetzes Nr. 5651 zur &#8222;Regulierung von Ver\u00f6ffentlichungen im Internet und zur Bek\u00e4mpfung von durch diese Ver\u00f6ffentlichungen begangenen Straftaten&#8220; in Bezug auf &hellip;<\/p>\n","protected":false},"author":1,"featured_media":0,"parent":0,"menu_order":0,"comment_status":"closed","ping_status":"closed","template":"","meta":{"footnotes":""},"class_list":["post-29139","page","type-page","status-publish","hentry"],"yoast_head":"<!-- This site is optimized with the Yoast SEO plugin v23.7 - https:\/\/yoast.com\/wordpress\/plugins\/seo\/ -->\n<title>Bekanntmachung der Rechtswidrigkeit - Mit Liebe gebastelt<\/title>\n<meta name=\"robots\" content=\"index, follow, max-snippet:-1, max-image-preview:large, max-video-preview:-1\" \/>\n<link rel=\"canonical\" href=\"https:\/\/www.xn--krtler-3ya.com\/de\/bekanntmachung-der-rechtswidrigkeit\" \/>\n<meta property=\"og:locale\" content=\"de_DE\" \/>\n<meta property=\"og:type\" content=\"article\" \/>\n<meta property=\"og:title\" content=\"Bekanntmachung der Rechtswidrigkeit - Mit Liebe gebastelt\" \/>\n<meta property=\"og:description\" content=\"www.k\u00fcrtler.com hat sich verpflichtet, die Rechte am geistigen Eigentum und die Pers\u00f6nlichkeitsrechte der \u00d6ffentlichkeit, der Gesch\u00e4ftspartner und Dritter zu respektieren und die gesetzlichen Bestimmungen auf unserer Webseite einzuhalten. K\u00fcrtler.com dient als&#8222;Inhaltsanbieter&#8220; im Sinne des Gesetzes Nr. 5651 zur &#8222;Regulierung von Ver\u00f6ffentlichungen im Internet und zur Bek\u00e4mpfung von durch diese Ver\u00f6ffentlichungen begangenen Straftaten&#8220; in Bezug auf &hellip;\" \/>\n<meta property=\"og:url\" content=\"https:\/\/www.xn--krtler-3ya.com\/de\/bekanntmachung-der-rechtswidrigkeit\" \/>\n<meta property=\"og:site_name\" content=\"Mit Liebe gebastelt\" \/>\n<meta name=\"twitter:card\" content=\"summary_large_image\" \/>\n<meta name=\"twitter:label1\" content=\"Gesch\u00e4tzte Lesezeit\" \/>\n\t<meta name=\"twitter:data1\" content=\"1\u00a0Minute\" \/>\n<script type=\"application\/ld+json\" class=\"yoast-schema-graph\">{\"@context\":\"https:\/\/schema.org\",\"@graph\":[{\"@type\":\"WebPage\",\"@id\":\"https:\/\/www.xn--krtler-3ya.com\/de\/bekanntmachung-der-rechtswidrigkeit\",\"url\":\"https:\/\/www.xn--krtler-3ya.com\/de\/bekanntmachung-der-rechtswidrigkeit\",\"name\":\"Bekanntmachung der Rechtswidrigkeit - Mit Liebe gebastelt\",\"isPartOf\":{\"@id\":\"https:\/\/www.xn--krtler-3ya.com\/de#website\"},\"datePublished\":\"2021-02-24T01:44:23+00:00\",\"dateModified\":\"2021-02-24T01:44:23+00:00\",\"breadcrumb\":{\"@id\":\"https:\/\/www.xn--krtler-3ya.com\/de\/bekanntmachung-der-rechtswidrigkeit#breadcrumb\"},\"inLanguage\":\"de\",\"potentialAction\":[{\"@type\":\"ReadAction\",\"target\":[\"https:\/\/www.xn--krtler-3ya.com\/de\/bekanntmachung-der-rechtswidrigkeit\"]}]},{\"@type\":\"BreadcrumbList\",\"@id\":\"https:\/\/www.xn--krtler-3ya.com\/de\/bekanntmachung-der-rechtswidrigkeit#breadcrumb\",\"itemListElement\":[{\"@type\":\"ListItem\",\"position\":1,\"name\":\"Startseite\",\"item\":\"https:\/\/www.xn--krtler-3ya.com\/de\"},{\"@type\":\"ListItem\",\"position\":2,\"name\":\"Bekanntmachung der Rechtswidrigkeit\"}]},{\"@type\":\"WebSite\",\"@id\":\"https:\/\/www.xn--krtler-3ya.com\/de#website\",\"url\":\"https:\/\/www.xn--krtler-3ya.com\/de\",\"name\":\"k\u00fcrtler\",\"description\":\"\",\"potentialAction\":[{\"@type\":\"SearchAction\",\"target\":{\"@type\":\"EntryPoint\",\"urlTemplate\":\"https:\/\/www.xn--krtler-3ya.com\/de?s={search_term_string}\"},\"query-input\":{\"@type\":\"PropertyValueSpecification\",\"valueRequired\":true,\"valueName\":\"search_term_string\"}}],\"inLanguage\":\"de\"}]}<\/script>\n<!-- \/ Yoast SEO plugin. -->","yoast_head_json":{"title":"Bekanntmachung der Rechtswidrigkeit - Mit Liebe gebastelt","robots":{"index":"index","follow":"follow","max-snippet":"max-snippet:-1","max-image-preview":"max-image-preview:large","max-video-preview":"max-video-preview:-1"},"canonical":"https:\/\/www.xn--krtler-3ya.com\/de\/bekanntmachung-der-rechtswidrigkeit","og_locale":"de_DE","og_type":"article","og_title":"Bekanntmachung der Rechtswidrigkeit - Mit Liebe gebastelt","og_description":"www.k\u00fcrtler.com hat sich verpflichtet, die Rechte am geistigen Eigentum und die Pers\u00f6nlichkeitsrechte der \u00d6ffentlichkeit, der Gesch\u00e4ftspartner und Dritter zu respektieren und die gesetzlichen Bestimmungen auf unserer Webseite einzuhalten. K\u00fcrtler.com dient als&#8222;Inhaltsanbieter&#8220; im Sinne des Gesetzes Nr. 5651 zur &#8222;Regulierung von Ver\u00f6ffentlichungen im Internet und zur Bek\u00e4mpfung von durch diese Ver\u00f6ffentlichungen begangenen Straftaten&#8220; in Bezug auf &hellip;","og_url":"https:\/\/www.xn--krtler-3ya.com\/de\/bekanntmachung-der-rechtswidrigkeit","og_site_name":"Mit Liebe gebastelt","twitter_card":"summary_large_image","twitter_misc":{"Gesch\u00e4tzte Lesezeit":"1\u00a0Minute"},"schema":{"@context":"https:\/\/schema.org","@graph":[{"@type":"WebPage","@id":"https:\/\/www.xn--krtler-3ya.com\/de\/bekanntmachung-der-rechtswidrigkeit","url":"https:\/\/www.xn--krtler-3ya.com\/de\/bekanntmachung-der-rechtswidrigkeit","name":"Bekanntmachung der Rechtswidrigkeit - Mit Liebe gebastelt","isPartOf":{"@id":"https:\/\/www.xn--krtler-3ya.com\/de#website"},"datePublished":"2021-02-24T01:44:23+00:00","dateModified":"2021-02-24T01:44:23+00:00","breadcrumb":{"@id":"https:\/\/www.xn--krtler-3ya.com\/de\/bekanntmachung-der-rechtswidrigkeit#breadcrumb"},"inLanguage":"de","potentialAction":[{"@type":"ReadAction","target":["https:\/\/www.xn--krtler-3ya.com\/de\/bekanntmachung-der-rechtswidrigkeit"]}]},{"@type":"BreadcrumbList","@id":"https:\/\/www.xn--krtler-3ya.com\/de\/bekanntmachung-der-rechtswidrigkeit#breadcrumb","itemListElement":[{"@type":"ListItem","position":1,"name":"Startseite","item":"https:\/\/www.xn--krtler-3ya.com\/de"},{"@type":"ListItem","position":2,"name":"Bekanntmachung der Rechtswidrigkeit"}]},{"@type":"WebSite","@id":"https:\/\/www.xn--krtler-3ya.com\/de#website","url":"https:\/\/www.xn--krtler-3ya.com\/de","name":"k\u00fcrtler","description":"","potentialAction":[{"@type":"SearchAction","target":{"@type":"EntryPoint","urlTemplate":"https:\/\/www.xn--krtler-3ya.com\/de?s={search_term_string}"},"query-input":{"@type":"PropertyValueSpecification","valueRequired":true,"valueName":"search_term_string"}}],"inLanguage":"de"}]}},"amp_enabled":true,"_links":{"self":[{"href":"https:\/\/www.xn--krtler-3ya.com\/de\/wp-json\/wp\/v2\/pages\/29139","targetHints":{"allow":["GET"]}}],"collection":[{"href":"https:\/\/www.xn--krtler-3ya.com\/de\/wp-json\/wp\/v2\/pages"}],"about":[{"href":"https:\/\/www.xn--krtler-3ya.com\/de\/wp-json\/wp\/v2\/types\/page"}],"author":[{"embeddable":true,"href":"https:\/\/www.xn--krtler-3ya.com\/de\/wp-json\/wp\/v2\/users\/1"}],"replies":[{"embeddable":true,"href":"https:\/\/www.xn--krtler-3ya.com\/de\/wp-json\/wp\/v2\/comments?post=29139"}],"version-history":[{"count":0,"href":"https:\/\/www.xn--krtler-3ya.com\/de\/wp-json\/wp\/v2\/pages\/29139\/revisions"}],"wp:attachment":[{"href":"https:\/\/www.xn--krtler-3ya.com\/de\/wp-json\/wp\/v2\/media?parent=29139"}],"curies":[{"name":"wp","href":"https:\/\/api.w.org\/{rel}","templated":true}]}}