{"id":29144,"date":"2016-01-09T02:22:00","date_gmt":"2016-01-09T02:22:00","guid":{"rendered":"https:\/\/www.xn--krtler-3ya.com\/datenschutzbestimmungen"},"modified":"2016-01-09T02:22:00","modified_gmt":"2016-01-09T02:22:00","slug":"datenschutzbestimmungen","status":"publish","type":"page","link":"https:\/\/www.xn--krtler-3ya.com\/de\/datenschutzbestimmungen","title":{"rendered":"Datenschutzbestimmungen"},"content":{"rendered":"<div dir=\"ltr\" style=\"text-align: left;\"><b style=\"border: 0px; font-family: inherit; font-size: inherit; font-stretch: inherit; font-style: inherit; font-variant: inherit; font-weight: bold; line-height: inherit; margin: 0px; padding: 0px; position: relative; vertical-align: baseline; word-wrap: break-word;\">  Regeln f\u00fcr die Nutzung<\/b><\/p>\n<div id=\"post-body-3736149895252911128\" class=\"post-body entry-content\" style=\"-webkit-text-stroke-width: 0px; border: 0px; color: #333333; font-family: Tahoma, Helvetica, Arial, sans-serif; font-size: 12px; font-stretch: inherit; font-style: normal; font-variant: normal; font-weight: normal; letter-spacing: normal; line-height: 1.6em; margin: 0px; orphans: auto; padding: 0px; position: relative; text-align: left; text-indent: 0px; text-transform: none; vertical-align: baseline; white-space: normal; widows: 1; width: 749.344px; word-spacing: 0px; word-wrap: break-word;\">\n<div dir=\"ltr\" style=\"border: 0px; font-family: inherit; font-size: inherit; font-stretch: inherit; font-style: inherit; font-variant: inherit; font-weight: inherit; line-height: inherit; margin: 0px; padding: 0px; position: relative; text-align: left; vertical-align: baseline; word-wrap: break-word;\">\n<p><b style=\"border: 0px; font-family: inherit; font-size: inherit; font-stretch: inherit; font-style: inherit; font-variant: inherit; font-weight: bold; line-height: inherit; margin: 0px; padding: 0px; position: relative; vertical-align: baseline; word-wrap: break-word;\"><br style=\"position: relative; word-wrap: break-word;\"><br style=\"position: relative; word-wrap: break-word;\">Artikel K\u00fcrtler.com ist eine Website mit Nachrichten, Gesellschaft, Kultur und Informationen \u00fcber die Internetwelt.<\/b><\/p>\n<h4 style=\"border: 0px; font-family: Verdana, Geneva, sans-serif; font-size: 16.8px; font-stretch: normal; font-style: normal; font-variant: normal; font-weight: normal; line-height: normal; margin: 1.2em 0px 0.8em; padding: 0px; position: relative; text-align: left; text-transform: none; vertical-align: baseline; word-wrap: break-word;\"><b style=\"border: 0px; font-family: inherit; font-size: inherit; font-stretch: inherit; font-style: inherit; font-variant: inherit; font-weight: bold; line-height: inherit; margin: 0px; padding: 0px; position: relative; vertical-align: baseline; word-wrap: break-word;\">Links auf der Website<\/b><\/h4>\n<p><b style=\"border: 0px; font-family: inherit; font-size: inherit; font-stretch: inherit; font-style: inherit; font-variant: inherit; font-weight: bold; line-height: inherit; margin: 0px; padding: 0px; position: relative; vertical-align: baseline; word-wrap: break-word;\"><br style=\"position: relative; word-wrap: break-word;\">Die Links auf dieser Website wurden von mir gesetzt. Da ich den Inhalt der Seiten nicht verfolge, liegt die Verantwortung ausschlie\u00dflich bei den Eigent\u00fcmern der Seiten und es ist die alleinige Initiative und Verantwortung des Besuchers, auf die Links zu klicken. <\/b><\/p>\n<h4 style=\"border: 0px; font-family: Verdana, Geneva, sans-serif; font-size: 16.8px; font-stretch: normal; font-style: normal; font-variant: normal; font-weight: normal; line-height: normal; margin: 1.2em 0px 0.8em; padding: 0px; position: relative; text-align: left; text-transform: none; vertical-align: baseline; word-wrap: break-word;\"><b style=\"border: 0px; font-family: inherit; font-size: inherit; font-stretch: inherit; font-style: inherit; font-variant: inherit; font-weight: bold; line-height: inherit; margin: 0px; padding: 0px; position: relative; vertical-align: baseline; word-wrap: break-word;\">Nutzung von Inhalten<\/b><\/h4>\n<p><b style=\"border: 0px; font-family: inherit; font-size: inherit; font-stretch: inherit; font-style: inherit; font-variant: inherit; font-weight: bold; line-height: inherit; margin: 0px; padding: 0px; position: relative; vertical-align: baseline; word-wrap: break-word;\"><br style=\"position: relative; word-wrap: break-word;\">Alle Rechte an den von K\u00fcrtler.com verfassten Artikeln und den von K\u00fcrtler.com erstellten Grafiken sind vorbehalten. Was die Weitergabe von Informationen betrifft, so k\u00f6nnen Sie die Artikel auf dieser Website f\u00fcr nicht-kommerzielle Zwecke frei verwenden, wenn Sie bestimmte Bedingungen erf\u00fcllen. <\/b><\/p>\n<h4 style=\"border: 0px; font-family: Verdana, Geneva, sans-serif; font-size: 16.8px; font-stretch: normal; font-style: normal; font-variant: normal; font-weight: normal; line-height: normal; margin: 1.2em 0px 0.8em; padding: 0px; position: relative; text-align: left; text-transform: none; vertical-align: baseline; word-wrap: break-word;\"><b style=\"border: 0px; font-family: inherit; font-size: inherit; font-stretch: inherit; font-style: inherit; font-variant: inherit; font-weight: bold; line-height: inherit; margin: 0px; padding: 0px; position: relative; vertical-align: baseline; word-wrap: break-word;\">Nutzungsbedingungen<\/b><\/h4>\n<p><b style=\"border: 0px; font-family: inherit; font-size: inherit; font-stretch: inherit; font-style: inherit; font-variant: inherit; font-weight: bold; line-height: inherit; margin: 0px; padding: 0px; position: relative; vertical-align: baseline; word-wrap: break-word;\"><br style=\"position: relative; word-wrap: break-word;\"><br style=\"position: relative; word-wrap: break-word;\"><br style=\"position: relative; word-wrap: break-word;\"><br style=\"position: relative; word-wrap: break-word;\"><br style=\"position: relative; word-wrap: break-word;\">Der Inhalt des Artikels darf nicht beliebig ver\u00e4ndert werden. Wenn der Inhalt des Artikels f\u00fcr einen gedruckten Bereich verwendet werden soll, muss k\u00fcrtler.com als Quelle angegeben werden. Wenn der Inhalt des Artikels im Internet verwendet werden soll, m\u00fcssen Sie einen der folgenden Links unter dem Artikel oder auf Ihrer Website platzieren. Dieser Artikel<span style=\"color: #ff0000;\"> <a style=\"border: 0px; color: #ff0000; font: inherit; margin: 0px; padding: 0px; position: relative; text-decoration: none; vertical-align: baseline; overflow-wrap: break-word;\" href=\"http:\/\/www.xn--krtler-3ya.com\/\" target=\"_blank\" rel=\"noopener noreferrer\">Kurden.com<\/a><\/span><br style=\"position: relative; word-wrap: break-word;\">Zur\u00fcckgeholt von Quelle :<span style=\"color: #ff0000;\"><a style=\"border: 0px; color: #ff0000; font: inherit; margin: 0px; padding: 0px; position: relative; text-decoration: none; vertical-align: baseline; overflow-wrap: break-word;\" href=\"http:\/\/www.xn--krtler-3ya.com\/\" target=\"_blank\" rel=\"noopener noreferrer\">k\u00fcrtler.com<\/a><\/span><br style=\"position: relative; word-wrap: break-word;\"><br style=\"position: relative; word-wrap: break-word;\"><br style=\"position: relative; word-wrap: break-word;\">Oder Sie sollten auf Ihrer Website einen Link zu k\u00fcrtler.com setzen. Wenn Sie die oben genannten Bedingungen nicht akzeptieren und anwenden, habe ich das Recht, alle m\u00f6glichen rechtlichen Bedingungen anzuwenden.<\/b><\/p>\n<h2 style=\"border: 0px; font-family: Verdana, Geneva, sans-serif; font-size: 21.6px; font-stretch: normal; font-style: normal; font-variant: normal; font-weight: normal; line-height: normal; margin: 1.5em 0px 1em; padding: 0px; position: relative; text-align: left; text-transform: none; vertical-align: baseline; word-wrap: break-word;\"><b style=\"border: 0px; font-family: inherit; font-size: inherit; font-stretch: inherit; font-style: inherit; font-variant: inherit; font-weight: bold; line-height: inherit; margin: 0px; padding: 0px; position: relative; vertical-align: baseline; word-wrap: break-word;\">Datenschutzbestimmungen<\/b><\/h2>\n<p><b style=\"border: 0px; font-family: inherit; font-size: inherit; font-stretch: inherit; font-style: inherit; font-variant: inherit; font-weight: bold; line-height: inherit; margin: 0px; padding: 0px; position: relative; vertical-align: baseline; word-wrap: break-word;\"><br style=\"position: relative; word-wrap: break-word;\"><br style=\"position: relative; word-wrap: break-word;\">Routine-Informationssammlung Alle Websites zeichnen grundlegende Informationen \u00fcber ihre Besucher auf. Zu diesen Informationen geh\u00f6ren unter anderem Referenzseiten, Browserinformationen, Zeitangaben und IP-Adressen. Diese Informationen lassen keine R\u00fcckschl\u00fcsse auf die Identit\u00e4t eines Besuchers zu. Diese Informationen werden zum Zweck der routinem\u00e4\u00dfigen Verwaltung und Wartung aufgezeichnet.   <\/b><\/p>\n<h3 style=\"border: 0px; font-family: Verdana, Geneva, sans-serif; font-size: 19.2px; font-stretch: normal; font-style: normal; font-variant: normal; font-weight: normal; line-height: normal; margin: 1.2em 0px 0.8em; padding: 0px; position: relative; text-align: left; text-transform: none; vertical-align: baseline; word-wrap: break-word;\"><b style=\"border: 0px; font-family: inherit; font-size: inherit; font-stretch: inherit; font-style: inherit; font-variant: inherit; font-weight: bold; line-height: inherit; margin: 0px; padding: 0px; position: relative; vertical-align: baseline; word-wrap: break-word;\">Cookies und Web Beacons<\/b><\/h3>\n<p><b style=\"border: 0px; font-family: inherit; font-size: inherit; font-stretch: inherit; font-style: inherit; font-variant: inherit; font-weight: bold; line-height: inherit; margin: 0px; padding: 0px; position: relative; vertical-align: baseline; word-wrap: break-word;\"><br style=\"position: relative; word-wrap: break-word;\">Falls erforderlich, speichert K\u00fcrtler.com mit Hilfe von Cookies Benutzereinstellungen und Informationen \u00fcber den Webverlauf, um den Benutzern benutzerspezifische Inhalte zu bieten und\/oder einen besseren Service f\u00fcr den Benutzer bereitzustellen.<br style=\"position: relative; word-wrap: break-word;\"><br style=\"position: relative; word-wrap: break-word;\">Dar\u00fcber hinaus k\u00f6nnen Werbepartner und Drittanwendungen Benutzerinformationen durch Cookies, Web Beacons oder Skripte speichern, um n\u00fctzliche Informationen bereitzustellen und Werbung anzuzeigen. In diesem Fall speichern die Werbedienste und Anwendungen Dritter die Benutzerdaten auf ihren eigenen Servern und es gelten ihre eigenen Datenschutzrichtlinien. <\/b><\/p>\n<h4 style=\"border: 0px; font-family: Verdana, Geneva, sans-serif; font-size: 16.8px; font-stretch: normal; font-style: normal; font-variant: normal; font-weight: normal; line-height: normal; margin: 1.2em 0px 0.8em; padding: 0px; position: relative; text-align: left; text-transform: none; vertical-align: baseline; word-wrap: break-word;\"><b style=\"border: 0px; font-family: inherit; font-size: inherit; font-stretch: inherit; font-style: inherit; font-variant: inherit; font-weight: bold; line-height: inherit; margin: 0px; padding: 0px; position: relative; vertical-align: baseline; word-wrap: break-word;\">Kontrolle der Privatsph\u00e4re<\/b><\/h4>\n<p><b style=\"border: 0px; font-family: inherit; font-size: inherit; font-stretch: inherit; font-style: inherit; font-variant: inherit; font-weight: bold; line-height: inherit; margin: 0px; padding: 0px; position: relative; vertical-align: baseline; word-wrap: break-word;\"><br style=\"position: relative; word-wrap: break-word;\">Wenn Sie Zweifel an der Erfassung von Benutzerdaten haben, erinnern wir Sie daran, dass Sie die M\u00f6glichkeit haben, Cookies in den Browsereinstellungen zu deaktivieren. Wir empfehlen Ihnen jedoch nicht, Cookies f\u00fcr alle Websites zu deaktivieren, da dies auf einigen der von Ihnen genutzten Websites zu Informationsverwirrung f\u00fchren kann. Wir empfehlen Ihnen, die Einstellungen f\u00fcr die einzelnen Websites vorzunehmen. Sie k\u00f6nnen in der Dokumentation Ihres Browsers nach Informationen \u00fcber das standortspezifische Blockieren von Cookies suchen. N\u00fctzliche Informationen erhalten Sie auch, wenn Sie sich die Listen zur Verwaltung der Privatsph\u00e4re von Webbrowsern ansehen.    <br style=\"position: relative; word-wrap: break-word;\"><br style=\"position: relative; word-wrap: break-word;\">Kontakt Details<br style=\"position: relative; word-wrap: break-word;\"><br style=\"position: relative; word-wrap: break-word;\">Wenn Sie Fragen oder Bedenken bez\u00fcglich dieser Datenschutzrichtlinie haben, k\u00f6nnen Sie im Bereich Kontakt detaillierte Informationen anfordern.<\/b><\/p>\n<h2 style=\"border: 0px; font-family: Verdana, Geneva, sans-serif; font-size: 21.6px; font-stretch: normal; font-style: normal; font-variant: normal; font-weight: normal; line-height: normal; margin: 1.5em 0px 1em; padding: 0px; position: relative; text-align: left; text-transform: none; vertical-align: baseline; word-wrap: break-word;\"><span style=\"color: #ff0000;\"><b style=\"border: 0px; font-family: inherit; font-size: inherit; font-stretch: inherit; font-style: inherit; font-variant: inherit; font-weight: bold; line-height: inherit; margin: 0px; padding: 0px; position: relative; vertical-align: baseline; word-wrap: break-word;\">Datenschutzbestimmungen (englischer Text)<\/b><\/span><\/h2>\n<p><b style=\"border: 0px; font-family: inherit; font-size: inherit; font-stretch: inherit; font-style: inherit; font-variant: inherit; font-weight: bold; line-height: inherit; margin: 0px; padding: 0px; position: relative; vertical-align: baseline; word-wrap: break-word;\"> <\/b><\/p>\n<h3 style=\"border: 0px; font-family: Verdana, Geneva, sans-serif; font-size: 19.2px; font-stretch: normal; font-style: normal; font-variant: normal; font-weight: normal; line-height: normal; margin: 1.2em 0px 0.8em; padding: 0px; position: relative; text-align: left; text-transform: none; vertical-align: baseline; word-wrap: break-word;\"><b style=\"border: 0px; font-family: inherit; font-size: inherit; font-stretch: inherit; font-style: inherit; font-variant: inherit; font-weight: bold; line-height: inherit; margin: 0px; padding: 0px; position: relative; vertical-align: baseline; word-wrap: break-word;\">Routinem\u00e4\u00dfige Informationssammlung<\/b><\/h3>\n<p><b style=\"border: 0px; font-family: inherit; font-size: inherit; font-stretch: inherit; font-style: inherit; font-variant: inherit; font-weight: bold; line-height: inherit; margin: 0px; padding: 0px; position: relative; vertical-align: baseline; word-wrap: break-word;\"><br style=\"position: relative; word-wrap: break-word;\">Alle Webserver zeichnen grundlegende Informationen \u00fcber ihre Besucher auf. Zu diesen Informationen geh\u00f6ren unter anderem IP-Adressen, Browserdetails, Zeitstempel und verweisende Seiten. Keine dieser Informationen kann bestimmte Besucher dieser Website pers\u00f6nlich identifizieren. Die Informationen werden f\u00fcr routinem\u00e4\u00dfige Verwaltungs- und Wartungszwecke verfolgt.   <\/b><\/p>\n<h4 style=\"border: 0px; font-family: Verdana, Geneva, sans-serif; font-size: 16.8px; font-stretch: normal; font-style: normal; font-variant: normal; font-weight: normal; line-height: normal; margin: 1.2em 0px 0.8em; padding: 0px; position: relative; text-align: left; text-transform: none; vertical-align: baseline; word-wrap: break-word;\"><b style=\"border: 0px; font-family: inherit; font-size: inherit; font-stretch: inherit; font-style: inherit; font-variant: inherit; font-weight: bold; line-height: inherit; margin: 0px; padding: 0px; position: relative; vertical-align: baseline; word-wrap: break-word;\">Cookies und Web Beacons<\/b><\/h4>\n<p><b style=\"border: 0px; font-family: inherit; font-size: inherit; font-stretch: inherit; font-style: inherit; font-variant: inherit; font-weight: bold; line-height: inherit; margin: 0px; padding: 0px; position: relative; vertical-align: baseline; word-wrap: break-word;\"><br style=\"position: relative; word-wrap: break-word;\">Soweit erforderlich, verwendet K\u00fcrtler.com Cookies, um Informationen \u00fcber die Pr\u00e4ferenzen und die Historie eines Besuchers zu speichern, um dem Besucher einen besseren Service bieten zu k\u00f6nnen und\/oder ihm ma\u00dfgeschneiderte Inhalte zu pr\u00e4sentieren.<br style=\"position: relative; word-wrap: break-word;\"><br style=\"position: relative; word-wrap: break-word;\">Werbepartner und andere Dritte k\u00f6nnen ebenfalls Cookies, Skripte und\/oder Web Beacons verwenden, um die Besucher unserer Website zu verfolgen, um Werbung und andere n\u00fctzliche Informationen anzuzeigen. Dieses Tracking wird direkt von den Dritten \u00fcber ihre eigenen Server durchgef\u00fchrt und unterliegt ihren eigenen Datenschutzrichtlinien. <\/b><\/p>\n<h4 style=\"border: 0px; font-family: Verdana, Geneva, sans-serif; font-size: 16.8px; font-stretch: normal; font-style: normal; font-variant: normal; font-weight: normal; line-height: normal; margin: 1.2em 0px 0.8em; padding: 0px; position: relative; text-align: left; text-transform: none; vertical-align: baseline; word-wrap: break-word;\"><b style=\"border: 0px; font-family: inherit; font-size: inherit; font-stretch: inherit; font-style: inherit; font-variant: inherit; font-weight: bold; line-height: inherit; margin: 0px; padding: 0px; position: relative; vertical-align: baseline; word-wrap: break-word;\">Kontrolle \u00fcber Ihre Privatsph\u00e4re<\/b><\/h4>\n<p><b style=\"border: 0px; font-family: inherit; font-size: inherit; font-stretch: inherit; font-style: inherit; font-variant: inherit; font-weight: bold; line-height: inherit; margin: 0px; padding: 0px; position: relative; vertical-align: baseline; word-wrap: break-word;\"><br style=\"position: relative; word-wrap: break-word;\">Beachten Sie, dass Sie die Einstellungen Ihres Browsers \u00e4ndern k\u00f6nnen, um Cookies zu deaktivieren, wenn Sie Bedenken hinsichtlich des Datenschutzes haben. Die Deaktivierung von Cookies f\u00fcr alle Websites wird nicht empfohlen, da dies die Nutzung einiger Websites beeintr\u00e4chtigen kann. Am besten ist es, Cookies f\u00fcr jede einzelne Website zu deaktivieren oder zu aktivieren. Lesen Sie in der Dokumentation Ihres Browsers nach, wie Sie Cookies und andere Tracking-Mechanismen blockieren k\u00f6nnen.<br style=\"position: relative; word-wrap: break-word;\">Diese Liste mit Links zur Verwaltung der Privatsph\u00e4re in Webbrowsern kann ebenfalls n\u00fctzlich sein. Kontaktinformationen    <br style=\"position: relative; word-wrap: break-word;\"><br style=\"position: relative; word-wrap: break-word;\">Bedenken oder Fragen zu dieser Datenschutzrichtlinie k\u00f6nnen Sie zur weiteren Kl\u00e4rung an info@k\u00fcrtler.com richten.<\/b><\/p>\n<\/div>\n<\/div>\n<\/div>\n","protected":false},"excerpt":{"rendered":"<p>Regeln f\u00fcr die Nutzung Artikel K\u00fcrtler.com ist eine Website mit Nachrichten, Gesellschaft, Kultur und Informationen \u00fcber die Internetwelt. Links auf der Website Die Links auf dieser Website wurden von mir gesetzt. Da ich den Inhalt der Seiten nicht verfolge, liegt die Verantwortung ausschlie\u00dflich bei den Eigent\u00fcmern der Seiten und es ist die alleinige Initiative und &hellip;<\/p>\n","protected":false},"author":1,"featured_media":0,"parent":0,"menu_order":0,"comment_status":"closed","ping_status":"closed","template":"","meta":{"footnotes":""},"class_list":["post-29144","page","type-page","status-publish","hentry"],"yoast_head":"<!-- This site is optimized with the Yoast SEO plugin v23.7 - https:\/\/yoast.com\/wordpress\/plugins\/seo\/ -->\n<title>Datenschutzbestimmungen - Mit Liebe gebastelt<\/title>\n<meta name=\"robots\" content=\"index, follow, max-snippet:-1, max-image-preview:large, max-video-preview:-1\" \/>\n<link rel=\"canonical\" href=\"https:\/\/www.xn--krtler-3ya.com\/de\/datenschutzbestimmungen\" \/>\n<meta property=\"og:locale\" content=\"de_DE\" \/>\n<meta property=\"og:type\" content=\"article\" \/>\n<meta property=\"og:title\" content=\"Datenschutzbestimmungen - Mit Liebe gebastelt\" \/>\n<meta property=\"og:description\" content=\"Regeln f\u00fcr die Nutzung Artikel K\u00fcrtler.com ist eine Website mit Nachrichten, Gesellschaft, Kultur und Informationen \u00fcber die Internetwelt. Links auf der Website Die Links auf dieser Website wurden von mir gesetzt. Da ich den Inhalt der Seiten nicht verfolge, liegt die Verantwortung ausschlie\u00dflich bei den Eigent\u00fcmern der Seiten und es ist die alleinige Initiative und &hellip;\" \/>\n<meta property=\"og:url\" content=\"https:\/\/www.xn--krtler-3ya.com\/de\/datenschutzbestimmungen\" \/>\n<meta property=\"og:site_name\" content=\"Mit Liebe gebastelt\" \/>\n<meta name=\"twitter:card\" content=\"summary_large_image\" \/>\n<meta name=\"twitter:label1\" content=\"Gesch\u00e4tzte Lesezeit\" \/>\n\t<meta name=\"twitter:data1\" content=\"4\u00a0Minuten\" \/>\n<script type=\"application\/ld+json\" class=\"yoast-schema-graph\">{\"@context\":\"https:\/\/schema.org\",\"@graph\":[{\"@type\":\"WebPage\",\"@id\":\"https:\/\/www.xn--krtler-3ya.com\/de\/datenschutzbestimmungen\",\"url\":\"https:\/\/www.xn--krtler-3ya.com\/de\/datenschutzbestimmungen\",\"name\":\"Datenschutzbestimmungen - Mit Liebe gebastelt\",\"isPartOf\":{\"@id\":\"https:\/\/www.xn--krtler-3ya.com\/de#website\"},\"datePublished\":\"2016-01-09T02:22:00+00:00\",\"dateModified\":\"2016-01-09T02:22:00+00:00\",\"breadcrumb\":{\"@id\":\"https:\/\/www.xn--krtler-3ya.com\/de\/datenschutzbestimmungen#breadcrumb\"},\"inLanguage\":\"de\",\"potentialAction\":[{\"@type\":\"ReadAction\",\"target\":[\"https:\/\/www.xn--krtler-3ya.com\/de\/datenschutzbestimmungen\"]}]},{\"@type\":\"BreadcrumbList\",\"@id\":\"https:\/\/www.xn--krtler-3ya.com\/de\/datenschutzbestimmungen#breadcrumb\",\"itemListElement\":[{\"@type\":\"ListItem\",\"position\":1,\"name\":\"Startseite\",\"item\":\"https:\/\/www.xn--krtler-3ya.com\/de\"},{\"@type\":\"ListItem\",\"position\":2,\"name\":\"Datenschutzbestimmungen\"}]},{\"@type\":\"WebSite\",\"@id\":\"https:\/\/www.xn--krtler-3ya.com\/de#website\",\"url\":\"https:\/\/www.xn--krtler-3ya.com\/de\",\"name\":\"k\u00fcrtler\",\"description\":\"\",\"potentialAction\":[{\"@type\":\"SearchAction\",\"target\":{\"@type\":\"EntryPoint\",\"urlTemplate\":\"https:\/\/www.xn--krtler-3ya.com\/de?s={search_term_string}\"},\"query-input\":{\"@type\":\"PropertyValueSpecification\",\"valueRequired\":true,\"valueName\":\"search_term_string\"}}],\"inLanguage\":\"de\"}]}<\/script>\n<!-- \/ Yoast SEO plugin. -->","yoast_head_json":{"title":"Datenschutzbestimmungen - Mit Liebe gebastelt","robots":{"index":"index","follow":"follow","max-snippet":"max-snippet:-1","max-image-preview":"max-image-preview:large","max-video-preview":"max-video-preview:-1"},"canonical":"https:\/\/www.xn--krtler-3ya.com\/de\/datenschutzbestimmungen","og_locale":"de_DE","og_type":"article","og_title":"Datenschutzbestimmungen - Mit Liebe gebastelt","og_description":"Regeln f\u00fcr die Nutzung Artikel K\u00fcrtler.com ist eine Website mit Nachrichten, Gesellschaft, Kultur und Informationen \u00fcber die Internetwelt. Links auf der Website Die Links auf dieser Website wurden von mir gesetzt. Da ich den Inhalt der Seiten nicht verfolge, liegt die Verantwortung ausschlie\u00dflich bei den Eigent\u00fcmern der Seiten und es ist die alleinige Initiative und &hellip;","og_url":"https:\/\/www.xn--krtler-3ya.com\/de\/datenschutzbestimmungen","og_site_name":"Mit Liebe gebastelt","twitter_card":"summary_large_image","twitter_misc":{"Gesch\u00e4tzte Lesezeit":"4\u00a0Minuten"},"schema":{"@context":"https:\/\/schema.org","@graph":[{"@type":"WebPage","@id":"https:\/\/www.xn--krtler-3ya.com\/de\/datenschutzbestimmungen","url":"https:\/\/www.xn--krtler-3ya.com\/de\/datenschutzbestimmungen","name":"Datenschutzbestimmungen - Mit Liebe gebastelt","isPartOf":{"@id":"https:\/\/www.xn--krtler-3ya.com\/de#website"},"datePublished":"2016-01-09T02:22:00+00:00","dateModified":"2016-01-09T02:22:00+00:00","breadcrumb":{"@id":"https:\/\/www.xn--krtler-3ya.com\/de\/datenschutzbestimmungen#breadcrumb"},"inLanguage":"de","potentialAction":[{"@type":"ReadAction","target":["https:\/\/www.xn--krtler-3ya.com\/de\/datenschutzbestimmungen"]}]},{"@type":"BreadcrumbList","@id":"https:\/\/www.xn--krtler-3ya.com\/de\/datenschutzbestimmungen#breadcrumb","itemListElement":[{"@type":"ListItem","position":1,"name":"Startseite","item":"https:\/\/www.xn--krtler-3ya.com\/de"},{"@type":"ListItem","position":2,"name":"Datenschutzbestimmungen"}]},{"@type":"WebSite","@id":"https:\/\/www.xn--krtler-3ya.com\/de#website","url":"https:\/\/www.xn--krtler-3ya.com\/de","name":"k\u00fcrtler","description":"","potentialAction":[{"@type":"SearchAction","target":{"@type":"EntryPoint","urlTemplate":"https:\/\/www.xn--krtler-3ya.com\/de?s={search_term_string}"},"query-input":{"@type":"PropertyValueSpecification","valueRequired":true,"valueName":"search_term_string"}}],"inLanguage":"de"}]}},"amp_enabled":true,"_links":{"self":[{"href":"https:\/\/www.xn--krtler-3ya.com\/de\/wp-json\/wp\/v2\/pages\/29144","targetHints":{"allow":["GET"]}}],"collection":[{"href":"https:\/\/www.xn--krtler-3ya.com\/de\/wp-json\/wp\/v2\/pages"}],"about":[{"href":"https:\/\/www.xn--krtler-3ya.com\/de\/wp-json\/wp\/v2\/types\/page"}],"author":[{"embeddable":true,"href":"https:\/\/www.xn--krtler-3ya.com\/de\/wp-json\/wp\/v2\/users\/1"}],"replies":[{"embeddable":true,"href":"https:\/\/www.xn--krtler-3ya.com\/de\/wp-json\/wp\/v2\/comments?post=29144"}],"version-history":[{"count":0,"href":"https:\/\/www.xn--krtler-3ya.com\/de\/wp-json\/wp\/v2\/pages\/29144\/revisions"}],"wp:attachment":[{"href":"https:\/\/www.xn--krtler-3ya.com\/de\/wp-json\/wp\/v2\/media?parent=29144"}],"curies":[{"name":"wp","href":"https:\/\/api.w.org\/{rel}","templated":true}]}}