{"id":29145,"date":"2016-02-10T05:45:00","date_gmt":"2016-02-10T05:45:00","guid":{"rendered":"https:\/\/www.xn--krtler-3ya.com\/impressum"},"modified":"2016-02-10T05:45:00","modified_gmt":"2016-02-10T05:45:00","slug":"impressum","status":"publish","type":"page","link":"https:\/\/www.xn--krtler-3ya.com\/de\/impressum","title":{"rendered":"Impressum"},"content":{"rendered":"<p> <strong> Impressum Informationen<\/strong><strong>Ansprechpartner E-Mail-Adressen<\/strong><\/p>\n<table style=\"border-collapse: collapse; width: 100%; height: 220px;\">\n<tbody>\n<tr style=\"height: 22px;\">\n<td style=\"width: 50%; height: 22px;\"><strong>Konzession\u00e4r<\/strong>:Ciwan Alan (Ciwan Media)<\/td>\n<td style=\"width: 50%; height: 22px;\"><span class=\"header-title username\">krtlerco@k\u00fcrtler.com<\/span><\/td>\n<\/tr>\n<tr style=\"height: 22px;\">\n<td style=\"width: 50%; height: 22px;\"><b style=\"font-family: Verdana, sans-serif;\">Chefredakteur:<\/b>\u00c7a\u011flar \u00c7elik<\/td>\n<td style=\"width: 50%; height: 22px;\"><span class=\"header-title username\">info@k\u00fcrtler.com<\/span><\/td>\n<\/tr>\n<tr style=\"height: 22px;\">\n<td style=\"width: 50%; height: 22px;\"><strong>Registrator<\/strong>:Serdar Kara<\/td>\n<td style=\"width: 50%; height: 22px;\"><span class=\"header-title username\">info@k\u00fcrtler.com<\/span><\/td>\n<\/tr>\n<tr style=\"height: 22px;\">\n<td style=\"width: 50%; height: 22px;\"><strong>Leiter der Anzeigenredaktion<\/strong>:Berkay Aksu<\/td>\n<td style=\"width: 50%; height: 22px;\"><span class=\"header-title username\">reklam@k\u00fcrtler.com<\/span><\/td>\n<\/tr>\n<tr style=\"height: 22px;\">\n<td style=\"width: 50%; height: 22px;\"><strong>Redakteure<\/strong> Zeynep Cin Sinan Kaya(Nacht) Ahmet Pala<\/td>\n<td style=\"width: 50%; height: 22px;\"><span class=\"header-title username\">editor@k\u00fcrtler.com<\/span><\/td>\n<\/tr>\n<tr style=\"height: 22px;\">\n<td style=\"width: 50%; height: 22px;\"><strong>Rechtsbeistand<\/strong>:Av. Deniz Kuru <\/td>\n<td style=\"width: 50%; height: 22px;\"><span class=\"header-title username\">hukuk@k\u00fcrtler.com<\/span><\/td>\n<\/tr>\n<tr style=\"height: 22px;\">\n<td style=\"width: 50%; height: 22px;\"><\/td>\n<td style=\"width: 50%; height: 22px;\"><\/td>\n<\/tr>\n<tr style=\"height: 22px;\">\n<td style=\"width: 50%; height: 22px;\"><\/td>\n<td style=\"width: 50%; height: 22px;\"><\/td>\n<\/tr>\n<tr style=\"height: 22px;\">\n<td style=\"width: 50%; height: 22px;\"><\/td>\n<td style=\"width: 50%; height: 22px;\"><\/td>\n<\/tr>\n<tr style=\"height: 22px;\">\n<td style=\"width: 50%; height: 22px;\"><\/td>\n<td style=\"width: 50%; height: 22px;\"><\/td>\n<\/tr>\n<\/tbody>\n<\/table>\n<div dir=\"ltr\" style=\"text-align: left;\">\n<p> <strong> Kontaktangaben<\/strong> Adresse: Zekeriyak\u00f6y mahallesi Tarak\u00e7\u0131 Caddesi no 7 daire 3 \u0130stanbul\/Sar\u0131yer Telefon:+903125473334  <\/p>\n<div class=\"row margin-top-md\">E<span class=\"header-title username\">posta:krtlerco@k\u00fcrtler.com<\/span><\/div>\n<p><br style=\"font-family: Verdana, sans-serif;\"><b>Software und Systemverwaltung:<\/b> Alle externen Links auf der Website \u00f6ffnen sich auf einer separaten Seite. <strong>k\u00fcrtler.com<\/strong> \u00fcbernimmt keine Verantwortung f\u00fcr externe Links. F\u00fcr Ihre Fragen, Informationen, Anregungen <span style=\"color: #0000ff;\"><strong><a style=\"color: #0000ff;\" href=\"https:\/\/www.xn--krtler-3ya.com\/iletisim\">Kontakt<\/a> <\/strong><\/span>Sie k\u00f6nnen uns \u00fcber den Bereich kontaktieren.   <\/div>\n","protected":false},"excerpt":{"rendered":"<p>Impressum InformationenAnsprechpartner E-Mail-Adressen Konzession\u00e4r:Ciwan Alan (Ciwan Media) krtlerco@k\u00fcrtler.com Chefredakteur:\u00c7a\u011flar \u00c7elik info@k\u00fcrtler.com Registrator:Serdar Kara info@k\u00fcrtler.com Leiter der Anzeigenredaktion:Berkay Aksu reklam@k\u00fcrtler.com Redakteure Zeynep Cin Sinan Kaya(Nacht) Ahmet Pala editor@k\u00fcrtler.com Rechtsbeistand:Av. Deniz Kuru hukuk@k\u00fcrtler.com Kontaktangaben Adresse: Zekeriyak\u00f6y mahallesi Tarak\u00e7\u0131 Caddesi no 7 daire 3 \u0130stanbul\/Sar\u0131yer Telefon:+903125473334 Eposta:krtlerco@k\u00fcrtler.com Software und Systemverwaltung: Alle externen Links auf der Website \u00f6ffnen sich &hellip;<\/p>\n","protected":false},"author":1,"featured_media":0,"parent":0,"menu_order":0,"comment_status":"closed","ping_status":"closed","template":"","meta":{"footnotes":""},"class_list":["post-29145","page","type-page","status-publish","hentry"],"yoast_head":"<!-- This site is optimized with the Yoast SEO plugin v23.7 - https:\/\/yoast.com\/wordpress\/plugins\/seo\/ -->\n<title>Impressum - Mit Liebe gebastelt<\/title>\n<meta name=\"robots\" content=\"index, follow, max-snippet:-1, max-image-preview:large, max-video-preview:-1\" \/>\n<link rel=\"canonical\" href=\"https:\/\/www.xn--krtler-3ya.com\/de\/impressum\" \/>\n<meta property=\"og:locale\" content=\"de_DE\" \/>\n<meta property=\"og:type\" content=\"article\" \/>\n<meta property=\"og:title\" content=\"Impressum - Mit Liebe gebastelt\" \/>\n<meta property=\"og:description\" content=\"Impressum InformationenAnsprechpartner E-Mail-Adressen Konzession\u00e4r:Ciwan Alan (Ciwan Media) krtlerco@k\u00fcrtler.com Chefredakteur:\u00c7a\u011flar \u00c7elik info@k\u00fcrtler.com Registrator:Serdar Kara info@k\u00fcrtler.com Leiter der Anzeigenredaktion:Berkay Aksu reklam@k\u00fcrtler.com Redakteure Zeynep Cin Sinan Kaya(Nacht) Ahmet Pala editor@k\u00fcrtler.com Rechtsbeistand:Av. Deniz Kuru hukuk@k\u00fcrtler.com Kontaktangaben Adresse: Zekeriyak\u00f6y mahallesi Tarak\u00e7\u0131 Caddesi no 7 daire 3 \u0130stanbul\/Sar\u0131yer Telefon:+903125473334 Eposta:krtlerco@k\u00fcrtler.com Software und Systemverwaltung: Alle externen Links auf der Website \u00f6ffnen sich &hellip;\" \/>\n<meta property=\"og:url\" content=\"https:\/\/www.xn--krtler-3ya.com\/de\/impressum\" \/>\n<meta property=\"og:site_name\" content=\"Mit Liebe gebastelt\" \/>\n<meta name=\"twitter:card\" content=\"summary_large_image\" \/>\n<meta name=\"twitter:label1\" content=\"Gesch\u00e4tzte Lesezeit\" \/>\n\t<meta name=\"twitter:data1\" content=\"1\u00a0Minute\" \/>\n<script type=\"application\/ld+json\" class=\"yoast-schema-graph\">{\"@context\":\"https:\/\/schema.org\",\"@graph\":[{\"@type\":\"WebPage\",\"@id\":\"https:\/\/www.xn--krtler-3ya.com\/de\/impressum\",\"url\":\"https:\/\/www.xn--krtler-3ya.com\/de\/impressum\",\"name\":\"Impressum - Mit Liebe gebastelt\",\"isPartOf\":{\"@id\":\"https:\/\/www.xn--krtler-3ya.com\/de#website\"},\"datePublished\":\"2016-02-10T05:45:00+00:00\",\"dateModified\":\"2016-02-10T05:45:00+00:00\",\"breadcrumb\":{\"@id\":\"https:\/\/www.xn--krtler-3ya.com\/de\/impressum#breadcrumb\"},\"inLanguage\":\"de\",\"potentialAction\":[{\"@type\":\"ReadAction\",\"target\":[\"https:\/\/www.xn--krtler-3ya.com\/de\/impressum\"]}]},{\"@type\":\"BreadcrumbList\",\"@id\":\"https:\/\/www.xn--krtler-3ya.com\/de\/impressum#breadcrumb\",\"itemListElement\":[{\"@type\":\"ListItem\",\"position\":1,\"name\":\"Startseite\",\"item\":\"https:\/\/www.xn--krtler-3ya.com\/de\"},{\"@type\":\"ListItem\",\"position\":2,\"name\":\"Impressum\"}]},{\"@type\":\"WebSite\",\"@id\":\"https:\/\/www.xn--krtler-3ya.com\/de#website\",\"url\":\"https:\/\/www.xn--krtler-3ya.com\/de\",\"name\":\"k\u00fcrtler\",\"description\":\"\",\"potentialAction\":[{\"@type\":\"SearchAction\",\"target\":{\"@type\":\"EntryPoint\",\"urlTemplate\":\"https:\/\/www.xn--krtler-3ya.com\/de?s={search_term_string}\"},\"query-input\":{\"@type\":\"PropertyValueSpecification\",\"valueRequired\":true,\"valueName\":\"search_term_string\"}}],\"inLanguage\":\"de\"}]}<\/script>\n<!-- \/ Yoast SEO plugin. -->","yoast_head_json":{"title":"Impressum - Mit Liebe gebastelt","robots":{"index":"index","follow":"follow","max-snippet":"max-snippet:-1","max-image-preview":"max-image-preview:large","max-video-preview":"max-video-preview:-1"},"canonical":"https:\/\/www.xn--krtler-3ya.com\/de\/impressum","og_locale":"de_DE","og_type":"article","og_title":"Impressum - Mit Liebe gebastelt","og_description":"Impressum InformationenAnsprechpartner E-Mail-Adressen Konzession\u00e4r:Ciwan Alan (Ciwan Media) krtlerco@k\u00fcrtler.com Chefredakteur:\u00c7a\u011flar \u00c7elik info@k\u00fcrtler.com Registrator:Serdar Kara info@k\u00fcrtler.com Leiter der Anzeigenredaktion:Berkay Aksu reklam@k\u00fcrtler.com Redakteure Zeynep Cin Sinan Kaya(Nacht) Ahmet Pala editor@k\u00fcrtler.com Rechtsbeistand:Av. Deniz Kuru hukuk@k\u00fcrtler.com Kontaktangaben Adresse: Zekeriyak\u00f6y mahallesi Tarak\u00e7\u0131 Caddesi no 7 daire 3 \u0130stanbul\/Sar\u0131yer Telefon:+903125473334 Eposta:krtlerco@k\u00fcrtler.com Software und Systemverwaltung: Alle externen Links auf der Website \u00f6ffnen sich &hellip;","og_url":"https:\/\/www.xn--krtler-3ya.com\/de\/impressum","og_site_name":"Mit Liebe gebastelt","twitter_card":"summary_large_image","twitter_misc":{"Gesch\u00e4tzte Lesezeit":"1\u00a0Minute"},"schema":{"@context":"https:\/\/schema.org","@graph":[{"@type":"WebPage","@id":"https:\/\/www.xn--krtler-3ya.com\/de\/impressum","url":"https:\/\/www.xn--krtler-3ya.com\/de\/impressum","name":"Impressum - Mit Liebe gebastelt","isPartOf":{"@id":"https:\/\/www.xn--krtler-3ya.com\/de#website"},"datePublished":"2016-02-10T05:45:00+00:00","dateModified":"2016-02-10T05:45:00+00:00","breadcrumb":{"@id":"https:\/\/www.xn--krtler-3ya.com\/de\/impressum#breadcrumb"},"inLanguage":"de","potentialAction":[{"@type":"ReadAction","target":["https:\/\/www.xn--krtler-3ya.com\/de\/impressum"]}]},{"@type":"BreadcrumbList","@id":"https:\/\/www.xn--krtler-3ya.com\/de\/impressum#breadcrumb","itemListElement":[{"@type":"ListItem","position":1,"name":"Startseite","item":"https:\/\/www.xn--krtler-3ya.com\/de"},{"@type":"ListItem","position":2,"name":"Impressum"}]},{"@type":"WebSite","@id":"https:\/\/www.xn--krtler-3ya.com\/de#website","url":"https:\/\/www.xn--krtler-3ya.com\/de","name":"k\u00fcrtler","description":"","potentialAction":[{"@type":"SearchAction","target":{"@type":"EntryPoint","urlTemplate":"https:\/\/www.xn--krtler-3ya.com\/de?s={search_term_string}"},"query-input":{"@type":"PropertyValueSpecification","valueRequired":true,"valueName":"search_term_string"}}],"inLanguage":"de"}]}},"amp_enabled":true,"_links":{"self":[{"href":"https:\/\/www.xn--krtler-3ya.com\/de\/wp-json\/wp\/v2\/pages\/29145","targetHints":{"allow":["GET"]}}],"collection":[{"href":"https:\/\/www.xn--krtler-3ya.com\/de\/wp-json\/wp\/v2\/pages"}],"about":[{"href":"https:\/\/www.xn--krtler-3ya.com\/de\/wp-json\/wp\/v2\/types\/page"}],"author":[{"embeddable":true,"href":"https:\/\/www.xn--krtler-3ya.com\/de\/wp-json\/wp\/v2\/users\/1"}],"replies":[{"embeddable":true,"href":"https:\/\/www.xn--krtler-3ya.com\/de\/wp-json\/wp\/v2\/comments?post=29145"}],"version-history":[{"count":0,"href":"https:\/\/www.xn--krtler-3ya.com\/de\/wp-json\/wp\/v2\/pages\/29145\/revisions"}],"wp:attachment":[{"href":"https:\/\/www.xn--krtler-3ya.com\/de\/wp-json\/wp\/v2\/media?parent=29145"}],"curies":[{"name":"wp","href":"https:\/\/api.w.org\/{rel}","templated":true}]}}