{"id":29163,"date":"2015-01-26T18:37:46","date_gmt":"2015-01-26T18:37:46","guid":{"rendered":"https:\/\/www.xn--krtler-3ya.com\/inhalt-diashow"},"modified":"2015-01-26T18:37:46","modified_gmt":"2015-01-26T18:37:46","slug":"inhalt-diashow","status":"publish","type":"page","link":"https:\/\/www.xn--krtler-3ya.com\/de\/inhalt-diashow","title":{"rendered":"Inhalt Diashow"},"content":{"rendered":"\n\t\t<div class=\"post-content-slideshow-outer\">\n\t\t\t<div class=\"post-content-slideshow\">\n\n\t\t\t<div class=\"loader-overlay\"><div class=\"spinner-circle\"><\/div><\/div>\n\n\t\t\t\t<div class=\"tie-slick-slider\">\n\n\t\t\t<div class=\"slide post-content-slide\">\n\t\t\t\t<img decoding=\"async\" class=\"aligncenter size-large wp-image-118\" src=\"http:\/\/themes.tielabs.com\/wp-content\/uploads\/sites\/3\/2015\/01\/girl-660x330.jpg\" alt=\"M\u00e4dchen\"><br \/>\n\n\t\t\t<\/div><!-- post-content-slide -->\n\t\t\n\n\t\t\t<div class=\"slide post-content-slide\">\n\t\t\t\t<img decoding=\"async\" class=\"aligncenter size-large wp-image-117\" src=\"http:\/\/themes.tielabs.com\/wp-content\/uploads\/sites\/3\/2015\/01\/mtNrf7oxS4uSxTzMBWfQ_DSC_0043-660x330.jpg\" alt=\"mtNrf7oxS4uSxTzMBWfQ_DSC_0043\"><br \/>\n\n\t\t\t<\/div><!-- post-content-slide -->\n\t\t\n\n\t\t\t<div class=\"slide post-content-slide\">\n\t\t\t\t\n<img decoding=\"async\" class=\"aligncenter size-large wp-image-114\" src=\"http:\/\/themes.tielabs.com\/wp-content\/uploads\/sites\/3\/2015\/01\/NmnKzKIyQsyGIkFjiNsb_20140717_212636-3-660x330.jpg\" alt=\"NmnKzKIyQsyGIkFjiNsb_20140717_212636-3\"><br \/>\n\n\t\t\t<\/div><!-- post-content-slide -->\n\t\t\n\n\t\t\t<div class=\"slide post-content-slide\">\n\t\t\t\t\n<img decoding=\"async\" class=\"aligncenter size-large wp-image-113\" src=\"http:\/\/themes.tielabs.com\/wp-content\/uploads\/sites\/3\/2015\/01\/old-car-660x330.jpg\" alt=\"Altauto\"><br \/>\n\n\t\t\t<\/div><!-- post-content-slide -->\n\t\t\n\n\t\t\t<div class=\"slide post-content-slide\">\n\t\t\t\t\n<img decoding=\"async\" class=\"aligncenter size-large wp-image-69\" src=\"http:\/\/themes.tielabs.com\/wp-content\/uploads\/sites\/3\/2015\/01\/5825871567_4d477202ce_b-660x330.jpg\" alt=\"5825871567_4d477202ce_b\"><br \/>\n\n\t\t\t<\/div><!-- post-content-slide -->\n\t\t\n\n\n\t\t\t\t\t<div class=\"slider-nav-wrapper\">\n\t\t\t\t\t\t<ul class=\"tie-slider-nav\"><\/ul>\n\t\t\t\t\t<\/div>\n\t\t\t\t<\/div><!-- tie-slick-slider -->\n\t\t\t<\/div><!-- post-content-slideshow -->\n\t\t<\/div><!-- post-content-slideshow-outer -->\n\t\n\n\t\t<div class=\"clearfix\"><\/div>\n\t\t<hr style=\"margin-top:60px; margin-bottom:50px;\" class=\"divider divider-double\">\n\t\n\n\t\t<div class=\"post-content-slideshow-outer\">\n\t\t\t<div class=\"post-content-slideshow\">\n\n\t\t\t<div class=\"loader-overlay\"><div class=\"spinner-circle\"><\/div><\/div>\n\n\t\t\t\t<div class=\"tie-slick-slider\">\n\n\t\t\t<div class=\"slide post-content-slide\">\n\t\t\t\t<img loading=\"lazy\" decoding=\"async\" class=\"alignleft size-medium wp-image-112\" src=\"http:\/\/themes.tielabs.com\/wp-content\/uploads\/sites\/3\/2015\/01\/6580415133_58b3a52b05_b-300x185.jpg\" alt=\"6580415133_58b3a52b05_b\" width=\"300\" height=\"185\">Trotzdem hat sie eine Menge Temperament. Ich wei\u00df nicht, was halten Sie davon? Was? Ich wei\u00df nicht, wovon Sie reden. Ich bin Mitglied des Imperialen Senats und in diplomatischer Mission auf Alderaan. Was n\u00fctzt eine Belohnung, wenn Sie nicht da sind, um sie zu nutzen? Au\u00dferdem ist ein Angriff auf die Kampfstation nicht meine Vorstellung von Mut. Das ist eher&#8230; Selbstmord. Sie muss die Pl\u00e4ne in der Rettungskapsel versteckt haben.    <\/p>\n<p>  \n\t\t\t<\/div><!-- post-content-slide -->\n\t\t\n\n\t\t\t<div class=\"slide post-content-slide\">\n\t\t\t\tTrotzdem hat sie eine Menge Temperament. Ich wei\u00df nicht, was halten Sie davon? Was? Ich wei\u00df nicht, wovon Sie reden. Ich bin Mitglied des Imperialen Senats und in diplomatischer Mission auf Alderaan. Was n\u00fctzt eine Belohnung, wenn Sie nicht da sind, um sie zu nutzen? Au\u00dferdem ist ein Angriff auf die Kampfstation nicht meine Vorstellung von Mut. Das ist eher&#8230; Selbstmord.      <\/p>\n<p><img loading=\"lazy\" decoding=\"async\" class=\"aligncenter size-medium wp-image-125\" src=\"http:\/\/themes.tielabs.com\/wp-content\/uploads\/sites\/3\/2015\/01\/7998125906_4489ed8a2f_b-300x200.jpg\" alt=\"7998125906_4489ed8a2f_b\" width=\"300\" height=\"200\"><\/p>\n<p>Sie muss die Pl\u00e4ne in der Rettungskapsel versteckt haben. Schicken Sie einen Trupp runter, um sie zu holen, und k\u00fcmmern Sie sich pers\u00f6nlich darum, Commander. Diesmal wird uns niemand aufhalten k\u00f6nnen! Die Luft ist rein, Junge. Sprengen wir das Ding und fliegen wir nach Hause! Teilweise, aber es gehorcht auch Ihren Befehlen.<br \/>\n\n\t\t\t<\/div><!-- post-content-slide -->\n\t\t\n\n\t\t\t<div class=\"slide post-content-slide\">\n\t\t\t\t<img loading=\"lazy\" decoding=\"async\" class=\"alignright wp-image-81 size-medium\" src=\"http:\/\/themes.tielabs.com\/wp-content\/uploads\/sites\/3\/2015\/01\/post-image-2-200x300.jpg\" alt=\"\" width=\"200\" height=\"300\"><\/p>\n<p>Trotzdem hat sie eine Menge Temperament. Ich wei\u00df nicht, was halten Sie davon? Was? Ich wei\u00df nicht, wovon Sie reden. Ich bin Mitglied des Imperialen Senats und in diplomatischer Mission auf Alderaan. Was n\u00fctzt eine Belohnung, wenn Sie nicht da sind, um sie zu nutzen? Au\u00dferdem ist ein Angriff auf die Kampfstation nicht meine Vorstellung von Mut. Das ist eher&#8230; Selbstmord. Sie muss die Pl\u00e4ne in der Rettungskapsel versteckt haben. Schicken Sie einen Trupp runter, um sie zu holen, und k\u00fcmmern Sie sich pers\u00f6nlich darum, Commander. Diesmal wird uns niemand aufhalten k\u00f6nnen! Die Luft ist rein, Junge. Sprengen wir das Ding und fliegen wir nach Hause! Teilweise, aber es gehorcht auch Ihren Befehlen. Schicken Sie einen Trupp runter, um sie zu holen, und k\u00fcmmern Sie sich pers\u00f6nlich darum, Commander. Diesmal wird uns niemand aufhalten k\u00f6nnen! Sie haben gr\u00fcnes Licht.      <\/p>\n<p>  \n\t\t\t<\/div><!-- post-content-slide -->\n\t\t\n\n\n\t\t\t\t\t<div class=\"slider-nav-wrapper\">\n\t\t\t\t\t\t<ul class=\"tie-slider-nav\"><\/ul>\n\t\t\t\t\t<\/div>\n\t\t\t\t<\/div><!-- tie-slick-slider -->\n\t\t\t<\/div><!-- post-content-slideshow -->\n\t\t<\/div><!-- post-content-slideshow-outer -->\n\t\n","protected":false},"excerpt":{"rendered":"<p>Trotzdem hat sie eine Menge Temperament. Ich wei\u00df nicht, was halten Sie davon? Was? Ich wei\u00df nicht, wovon Sie reden. Ich bin Mitglied des Imperialen Senats und in diplomatischer Mission auf Alderaan. Was n\u00fctzt eine Belohnung, wenn Sie nicht da sind, um sie zu nutzen? Au\u00dferdem ist ein Angriff auf die Kampfstation nicht meine Vorstellung &hellip;<\/p>\n","protected":false},"author":1,"featured_media":0,"parent":0,"menu_order":0,"comment_status":"closed","ping_status":"closed","template":"","meta":{"footnotes":""},"class_list":["post-29163","page","type-page","status-publish","hentry"],"yoast_head":"<!-- This site is optimized with the Yoast SEO plugin v23.7 - https:\/\/yoast.com\/wordpress\/plugins\/seo\/ -->\n<title>Inhalt Diashow - Mit Liebe gebastelt<\/title>\n<meta name=\"robots\" content=\"index, follow, max-snippet:-1, max-image-preview:large, max-video-preview:-1\" \/>\n<link rel=\"canonical\" href=\"https:\/\/www.xn--krtler-3ya.com\/de\/inhalt-diashow\" \/>\n<meta property=\"og:locale\" content=\"de_DE\" \/>\n<meta property=\"og:type\" content=\"article\" \/>\n<meta property=\"og:title\" content=\"Inhalt Diashow - Mit Liebe gebastelt\" \/>\n<meta property=\"og:description\" content=\"Trotzdem hat sie eine Menge Temperament. Ich wei\u00df nicht, was halten Sie davon? Was? Ich wei\u00df nicht, wovon Sie reden. Ich bin Mitglied des Imperialen Senats und in diplomatischer Mission auf Alderaan. Was n\u00fctzt eine Belohnung, wenn Sie nicht da sind, um sie zu nutzen? Au\u00dferdem ist ein Angriff auf die Kampfstation nicht meine Vorstellung &hellip;\" \/>\n<meta property=\"og:url\" content=\"https:\/\/www.xn--krtler-3ya.com\/de\/inhalt-diashow\" \/>\n<meta property=\"og:site_name\" content=\"Mit Liebe gebastelt\" \/>\n<meta property=\"og:image\" content=\"https:\/\/www.xn--krtler-3ya.com\/wp-content\/uploads\/2015\/01\/girl.jpg\" \/>\n\t<meta property=\"og:image:width\" content=\"1200\" \/>\n\t<meta property=\"og:image:height\" content=\"800\" \/>\n\t<meta property=\"og:image:type\" content=\"image\/jpeg\" \/>\n<meta name=\"twitter:card\" content=\"summary_large_image\" \/>\n<meta name=\"twitter:label1\" content=\"Gesch\u00e4tzte Lesezeit\" \/>\n\t<meta name=\"twitter:data1\" content=\"2\u00a0Minuten\" \/>\n<script type=\"application\/ld+json\" class=\"yoast-schema-graph\">{\"@context\":\"https:\/\/schema.org\",\"@graph\":[{\"@type\":\"WebPage\",\"@id\":\"https:\/\/www.xn--krtler-3ya.com\/de\/inhalt-diashow\",\"url\":\"https:\/\/www.xn--krtler-3ya.com\/de\/inhalt-diashow\",\"name\":\"Inhalt Diashow - Mit Liebe gebastelt\",\"isPartOf\":{\"@id\":\"https:\/\/www.xn--krtler-3ya.com\/de#website\"},\"primaryImageOfPage\":{\"@id\":\"https:\/\/www.xn--krtler-3ya.com\/de\/inhalt-diashow#primaryimage\"},\"image\":{\"@id\":\"https:\/\/www.xn--krtler-3ya.com\/de\/inhalt-diashow#primaryimage\"},\"thumbnailUrl\":\"http:\/\/themes.tielabs.com\/wp-content\/uploads\/sites\/3\/2015\/01\/girl-660x330.jpg\",\"datePublished\":\"2015-01-26T18:37:46+00:00\",\"dateModified\":\"2015-01-26T18:37:46+00:00\",\"breadcrumb\":{\"@id\":\"https:\/\/www.xn--krtler-3ya.com\/de\/inhalt-diashow#breadcrumb\"},\"inLanguage\":\"de\",\"potentialAction\":[{\"@type\":\"ReadAction\",\"target\":[\"https:\/\/www.xn--krtler-3ya.com\/de\/inhalt-diashow\"]}]},{\"@type\":\"ImageObject\",\"inLanguage\":\"de\",\"@id\":\"https:\/\/www.xn--krtler-3ya.com\/de\/inhalt-diashow#primaryimage\",\"url\":\"http:\/\/themes.tielabs.com\/wp-content\/uploads\/sites\/3\/2015\/01\/girl-660x330.jpg\",\"contentUrl\":\"http:\/\/themes.tielabs.com\/wp-content\/uploads\/sites\/3\/2015\/01\/girl-660x330.jpg\"},{\"@type\":\"BreadcrumbList\",\"@id\":\"https:\/\/www.xn--krtler-3ya.com\/de\/inhalt-diashow#breadcrumb\",\"itemListElement\":[{\"@type\":\"ListItem\",\"position\":1,\"name\":\"Startseite\",\"item\":\"https:\/\/www.xn--krtler-3ya.com\/de\"},{\"@type\":\"ListItem\",\"position\":2,\"name\":\"Inhalt Diashow\"}]},{\"@type\":\"WebSite\",\"@id\":\"https:\/\/www.xn--krtler-3ya.com\/de#website\",\"url\":\"https:\/\/www.xn--krtler-3ya.com\/de\",\"name\":\"k\u00fcrtler\",\"description\":\"\",\"potentialAction\":[{\"@type\":\"SearchAction\",\"target\":{\"@type\":\"EntryPoint\",\"urlTemplate\":\"https:\/\/www.xn--krtler-3ya.com\/de?s={search_term_string}\"},\"query-input\":{\"@type\":\"PropertyValueSpecification\",\"valueRequired\":true,\"valueName\":\"search_term_string\"}}],\"inLanguage\":\"de\"}]}<\/script>\n<!-- \/ Yoast SEO plugin. -->","yoast_head_json":{"title":"Inhalt Diashow - Mit Liebe gebastelt","robots":{"index":"index","follow":"follow","max-snippet":"max-snippet:-1","max-image-preview":"max-image-preview:large","max-video-preview":"max-video-preview:-1"},"canonical":"https:\/\/www.xn--krtler-3ya.com\/de\/inhalt-diashow","og_locale":"de_DE","og_type":"article","og_title":"Inhalt Diashow - Mit Liebe gebastelt","og_description":"Trotzdem hat sie eine Menge Temperament. Ich wei\u00df nicht, was halten Sie davon? Was? Ich wei\u00df nicht, wovon Sie reden. Ich bin Mitglied des Imperialen Senats und in diplomatischer Mission auf Alderaan. Was n\u00fctzt eine Belohnung, wenn Sie nicht da sind, um sie zu nutzen? Au\u00dferdem ist ein Angriff auf die Kampfstation nicht meine Vorstellung &hellip;","og_url":"https:\/\/www.xn--krtler-3ya.com\/de\/inhalt-diashow","og_site_name":"Mit Liebe gebastelt","og_image":[{"width":1200,"height":800,"url":"https:\/\/www.xn--krtler-3ya.com\/wp-content\/uploads\/2015\/01\/girl.jpg","type":"image\/jpeg"}],"twitter_card":"summary_large_image","twitter_misc":{"Gesch\u00e4tzte Lesezeit":"2\u00a0Minuten"},"schema":{"@context":"https:\/\/schema.org","@graph":[{"@type":"WebPage","@id":"https:\/\/www.xn--krtler-3ya.com\/de\/inhalt-diashow","url":"https:\/\/www.xn--krtler-3ya.com\/de\/inhalt-diashow","name":"Inhalt Diashow - Mit Liebe gebastelt","isPartOf":{"@id":"https:\/\/www.xn--krtler-3ya.com\/de#website"},"primaryImageOfPage":{"@id":"https:\/\/www.xn--krtler-3ya.com\/de\/inhalt-diashow#primaryimage"},"image":{"@id":"https:\/\/www.xn--krtler-3ya.com\/de\/inhalt-diashow#primaryimage"},"thumbnailUrl":"http:\/\/themes.tielabs.com\/wp-content\/uploads\/sites\/3\/2015\/01\/girl-660x330.jpg","datePublished":"2015-01-26T18:37:46+00:00","dateModified":"2015-01-26T18:37:46+00:00","breadcrumb":{"@id":"https:\/\/www.xn--krtler-3ya.com\/de\/inhalt-diashow#breadcrumb"},"inLanguage":"de","potentialAction":[{"@type":"ReadAction","target":["https:\/\/www.xn--krtler-3ya.com\/de\/inhalt-diashow"]}]},{"@type":"ImageObject","inLanguage":"de","@id":"https:\/\/www.xn--krtler-3ya.com\/de\/inhalt-diashow#primaryimage","url":"http:\/\/themes.tielabs.com\/wp-content\/uploads\/sites\/3\/2015\/01\/girl-660x330.jpg","contentUrl":"http:\/\/themes.tielabs.com\/wp-content\/uploads\/sites\/3\/2015\/01\/girl-660x330.jpg"},{"@type":"BreadcrumbList","@id":"https:\/\/www.xn--krtler-3ya.com\/de\/inhalt-diashow#breadcrumb","itemListElement":[{"@type":"ListItem","position":1,"name":"Startseite","item":"https:\/\/www.xn--krtler-3ya.com\/de"},{"@type":"ListItem","position":2,"name":"Inhalt Diashow"}]},{"@type":"WebSite","@id":"https:\/\/www.xn--krtler-3ya.com\/de#website","url":"https:\/\/www.xn--krtler-3ya.com\/de","name":"k\u00fcrtler","description":"","potentialAction":[{"@type":"SearchAction","target":{"@type":"EntryPoint","urlTemplate":"https:\/\/www.xn--krtler-3ya.com\/de?s={search_term_string}"},"query-input":{"@type":"PropertyValueSpecification","valueRequired":true,"valueName":"search_term_string"}}],"inLanguage":"de"}]}},"amp_enabled":true,"_links":{"self":[{"href":"https:\/\/www.xn--krtler-3ya.com\/de\/wp-json\/wp\/v2\/pages\/29163","targetHints":{"allow":["GET"]}}],"collection":[{"href":"https:\/\/www.xn--krtler-3ya.com\/de\/wp-json\/wp\/v2\/pages"}],"about":[{"href":"https:\/\/www.xn--krtler-3ya.com\/de\/wp-json\/wp\/v2\/types\/page"}],"author":[{"embeddable":true,"href":"https:\/\/www.xn--krtler-3ya.com\/de\/wp-json\/wp\/v2\/users\/1"}],"replies":[{"embeddable":true,"href":"https:\/\/www.xn--krtler-3ya.com\/de\/wp-json\/wp\/v2\/comments?post=29163"}],"version-history":[{"count":0,"href":"https:\/\/www.xn--krtler-3ya.com\/de\/wp-json\/wp\/v2\/pages\/29163\/revisions"}],"wp:attachment":[{"href":"https:\/\/www.xn--krtler-3ya.com\/de\/wp-json\/wp\/v2\/media?parent=29163"}],"curies":[{"name":"wp","href":"https:\/\/api.w.org\/{rel}","templated":true}]}}