{"id":29174,"date":"2015-01-24T16:39:55","date_gmt":"2015-01-24T16:39:55","guid":{"rendered":"https:\/\/www.xn--krtler-3ya.com\/schaltflaechen"},"modified":"2015-01-24T16:39:55","modified_gmt":"2015-01-24T16:39:55","slug":"schaltflaechen","status":"publish","type":"page","link":"https:\/\/www.xn--krtler-3ya.com\/de\/schaltflaechen","title":{"rendered":"Schaltfl\u00e4chen"},"content":{"rendered":"<h3>Kleine Kn\u00f6pfe<\/h3>\n<a href=\"#\" target=\"_blank\" class=\"shortc-button small red\">Klein<\/a>\n<a href=\"#\" target=\"_blank\" class=\"shortc-button small orange\">Klein<\/a>\n<a href=\"#\" target=\"_blank\" class=\"shortc-button small blue\">Klein<\/a>\n<a href=\"#\" target=\"_blank\" class=\"shortc-button small green\">Klein<\/a>\n<a href=\"#\" target=\"_blank\" class=\"shortc-button small black\">Klein<\/a>\n<a href=\"#\" target=\"_blank\" class=\"shortc-button small gray\">Klein<\/a>\n<a href=\"#\" target=\"_blank\" class=\"shortc-button small white\">Klein<\/a>\n<a href=\"#\" target=\"_blank\" class=\"shortc-button small pink\">Klein<\/a>\n<a href=\"#\" target=\"_blank\" class=\"shortc-button small purple  \">Klein<\/a>\n\n\t\t<div class=\"clearfix\"><\/div>\n\t\t<hr style=\"margin-top:20px; margin-bottom:20px;\" class=\"divider divider-double\">\n\t\n<h3>Medium-Tasten<\/h3>\n<a href=\"#\" target=\"_blank\" class=\"shortc-button medium red\">Medium<\/a>\n<a href=\"#\" target=\"_blank\" class=\"shortc-button medium orange\">Medium<\/a>\n<a href=\"#\" target=\"_blank\" class=\"shortc-button medium blue\">Medium<\/a>\n<a href=\"#\" target=\"_blank\" class=\"shortc-button medium green\">Medium<\/a>\n<a href=\"#\" target=\"_blank\" class=\"shortc-button medium black\">Medium<\/a>\n<a href=\"#\" target=\"_blank\" class=\"shortc-button medium gray\">Medium<\/a>\n<a href=\"#\" target=\"_blank\" class=\"shortc-button medium white\">Medium<\/a>\n<a href=\"#\" target=\"_blank\" class=\"shortc-button medium pink\">Medium<\/a>\n<a href=\"#\" target=\"_blank\" class=\"shortc-button medium purple  \">Medium<\/a>\n\n\t\t<div class=\"clearfix\"><\/div>\n\t\t<hr style=\"margin-top:20px; margin-bottom:20px;\" class=\"divider divider-double\">\n\t\n<p>&nbsp;<\/p>\n<h3>Gro\u00dfe Schaltfl\u00e4chen<\/h3>\n<a href=\"#\" target=\"_blank\" class=\"shortc-button big red\">Gro\u00df<\/a>\n<a href=\"#\" target=\"_blank\" class=\"shortc-button big orange\">Gro\u00df<\/a>\n<a href=\"#\" target=\"_blank\" class=\"shortc-button big blue\">Gro\u00df<\/a>\n<a href=\"#\" target=\"_blank\" class=\"shortc-button big green\">Gro\u00df<\/a>\n<a href=\"#\" target=\"_blank\" class=\"shortc-button big black\">Gro\u00df<\/a>\n<a href=\"#\" target=\"_blank\" class=\"shortc-button big gray\">Gro\u00df<\/a>\n<a href=\"#\" target=\"_blank\" class=\"shortc-button big white\">Gro\u00df<\/a>\n<a href=\"#\" target=\"_blank\" class=\"shortc-button big pink\">Gro\u00df<\/a>\n<a href=\"#\" target=\"_blank\" class=\"shortc-button big purple  \">Gro\u00df<\/a>\n<p>&nbsp;<\/p>\n\n\t\t<div class=\"clearfix\"><\/div>\n\t\t<hr style=\"margin-top:20px; margin-bottom:20px;\" class=\"divider divider-double\">\n\t\n<h3>Schaltfl\u00e4chen mit Symbolen<\/h3>\n<a href=\"#\" class=\"shortc-button big green\"><span class=\"fas fa-download\" aria-hidden=\"true\"><\/span> Herunterladen<\/a>\n<a href=\"#\" class=\"shortc-button medium blue\"><span class=\"fab fa-twitter\" aria-hidden=\"true\"><\/span> Folgen Sie<\/a>\n<a href=\"#\" class=\"shortc-button small purple  \"><span class=\"fas fa-external-link-alt\" aria-hidden=\"true\"><\/span> Jetzt ansehen<\/a>\n<p>&nbsp;<\/p>\n","protected":false},"excerpt":{"rendered":"<p>Kleine Kn\u00f6pfe Medium-Tasten &nbsp; Gro\u00dfe Schaltfl\u00e4chen &nbsp; Schaltfl\u00e4chen mit Symbolen &nbsp;<\/p>\n","protected":false},"author":1,"featured_media":0,"parent":0,"menu_order":0,"comment_status":"closed","ping_status":"closed","template":"","meta":{"footnotes":""},"class_list":["post-29174","page","type-page","status-publish","hentry"],"yoast_head":"<!-- This site is optimized with the Yoast SEO plugin v23.7 - https:\/\/yoast.com\/wordpress\/plugins\/seo\/ -->\n<title>Schaltfl\u00e4chen - Mit Liebe gebastelt<\/title>\n<meta name=\"robots\" content=\"index, follow, max-snippet:-1, max-image-preview:large, max-video-preview:-1\" \/>\n<link rel=\"canonical\" href=\"https:\/\/www.xn--krtler-3ya.com\/de\/schaltflaechen\" \/>\n<meta property=\"og:locale\" content=\"de_DE\" \/>\n<meta property=\"og:type\" content=\"article\" \/>\n<meta property=\"og:title\" content=\"Schaltfl\u00e4chen - Mit Liebe gebastelt\" \/>\n<meta property=\"og:description\" content=\"Kleine Kn\u00f6pfe Medium-Tasten &nbsp; Gro\u00dfe Schaltfl\u00e4chen &nbsp; Schaltfl\u00e4chen mit Symbolen &nbsp;\" \/>\n<meta property=\"og:url\" content=\"https:\/\/www.xn--krtler-3ya.com\/de\/schaltflaechen\" \/>\n<meta property=\"og:site_name\" content=\"Mit Liebe gebastelt\" \/>\n<meta name=\"twitter:card\" content=\"summary_large_image\" \/>\n<meta name=\"twitter:label1\" content=\"Gesch\u00e4tzte Lesezeit\" \/>\n\t<meta name=\"twitter:data1\" content=\"2\u00a0Minuten\" \/>\n<script type=\"application\/ld+json\" class=\"yoast-schema-graph\">{\"@context\":\"https:\/\/schema.org\",\"@graph\":[{\"@type\":\"WebPage\",\"@id\":\"https:\/\/www.xn--krtler-3ya.com\/de\/schaltflaechen\",\"url\":\"https:\/\/www.xn--krtler-3ya.com\/de\/schaltflaechen\",\"name\":\"Schaltfl\u00e4chen - Mit Liebe gebastelt\",\"isPartOf\":{\"@id\":\"https:\/\/www.xn--krtler-3ya.com\/de#website\"},\"datePublished\":\"2015-01-24T16:39:55+00:00\",\"dateModified\":\"2015-01-24T16:39:55+00:00\",\"breadcrumb\":{\"@id\":\"https:\/\/www.xn--krtler-3ya.com\/de\/schaltflaechen#breadcrumb\"},\"inLanguage\":\"de\",\"potentialAction\":[{\"@type\":\"ReadAction\",\"target\":[\"https:\/\/www.xn--krtler-3ya.com\/de\/schaltflaechen\"]}]},{\"@type\":\"BreadcrumbList\",\"@id\":\"https:\/\/www.xn--krtler-3ya.com\/de\/schaltflaechen#breadcrumb\",\"itemListElement\":[{\"@type\":\"ListItem\",\"position\":1,\"name\":\"Startseite\",\"item\":\"https:\/\/www.xn--krtler-3ya.com\/de\"},{\"@type\":\"ListItem\",\"position\":2,\"name\":\"Schaltfl\u00e4chen\"}]},{\"@type\":\"WebSite\",\"@id\":\"https:\/\/www.xn--krtler-3ya.com\/de#website\",\"url\":\"https:\/\/www.xn--krtler-3ya.com\/de\",\"name\":\"k\u00fcrtler\",\"description\":\"\",\"potentialAction\":[{\"@type\":\"SearchAction\",\"target\":{\"@type\":\"EntryPoint\",\"urlTemplate\":\"https:\/\/www.xn--krtler-3ya.com\/de?s={search_term_string}\"},\"query-input\":{\"@type\":\"PropertyValueSpecification\",\"valueRequired\":true,\"valueName\":\"search_term_string\"}}],\"inLanguage\":\"de\"}]}<\/script>\n<!-- \/ Yoast SEO plugin. -->","yoast_head_json":{"title":"Schaltfl\u00e4chen - Mit Liebe gebastelt","robots":{"index":"index","follow":"follow","max-snippet":"max-snippet:-1","max-image-preview":"max-image-preview:large","max-video-preview":"max-video-preview:-1"},"canonical":"https:\/\/www.xn--krtler-3ya.com\/de\/schaltflaechen","og_locale":"de_DE","og_type":"article","og_title":"Schaltfl\u00e4chen - Mit Liebe gebastelt","og_description":"Kleine Kn\u00f6pfe Medium-Tasten &nbsp; Gro\u00dfe Schaltfl\u00e4chen &nbsp; Schaltfl\u00e4chen mit Symbolen &nbsp;","og_url":"https:\/\/www.xn--krtler-3ya.com\/de\/schaltflaechen","og_site_name":"Mit Liebe gebastelt","twitter_card":"summary_large_image","twitter_misc":{"Gesch\u00e4tzte Lesezeit":"2\u00a0Minuten"},"schema":{"@context":"https:\/\/schema.org","@graph":[{"@type":"WebPage","@id":"https:\/\/www.xn--krtler-3ya.com\/de\/schaltflaechen","url":"https:\/\/www.xn--krtler-3ya.com\/de\/schaltflaechen","name":"Schaltfl\u00e4chen - Mit Liebe gebastelt","isPartOf":{"@id":"https:\/\/www.xn--krtler-3ya.com\/de#website"},"datePublished":"2015-01-24T16:39:55+00:00","dateModified":"2015-01-24T16:39:55+00:00","breadcrumb":{"@id":"https:\/\/www.xn--krtler-3ya.com\/de\/schaltflaechen#breadcrumb"},"inLanguage":"de","potentialAction":[{"@type":"ReadAction","target":["https:\/\/www.xn--krtler-3ya.com\/de\/schaltflaechen"]}]},{"@type":"BreadcrumbList","@id":"https:\/\/www.xn--krtler-3ya.com\/de\/schaltflaechen#breadcrumb","itemListElement":[{"@type":"ListItem","position":1,"name":"Startseite","item":"https:\/\/www.xn--krtler-3ya.com\/de"},{"@type":"ListItem","position":2,"name":"Schaltfl\u00e4chen"}]},{"@type":"WebSite","@id":"https:\/\/www.xn--krtler-3ya.com\/de#website","url":"https:\/\/www.xn--krtler-3ya.com\/de","name":"k\u00fcrtler","description":"","potentialAction":[{"@type":"SearchAction","target":{"@type":"EntryPoint","urlTemplate":"https:\/\/www.xn--krtler-3ya.com\/de?s={search_term_string}"},"query-input":{"@type":"PropertyValueSpecification","valueRequired":true,"valueName":"search_term_string"}}],"inLanguage":"de"}]}},"amp_enabled":true,"_links":{"self":[{"href":"https:\/\/www.xn--krtler-3ya.com\/de\/wp-json\/wp\/v2\/pages\/29174","targetHints":{"allow":["GET"]}}],"collection":[{"href":"https:\/\/www.xn--krtler-3ya.com\/de\/wp-json\/wp\/v2\/pages"}],"about":[{"href":"https:\/\/www.xn--krtler-3ya.com\/de\/wp-json\/wp\/v2\/types\/page"}],"author":[{"embeddable":true,"href":"https:\/\/www.xn--krtler-3ya.com\/de\/wp-json\/wp\/v2\/users\/1"}],"replies":[{"embeddable":true,"href":"https:\/\/www.xn--krtler-3ya.com\/de\/wp-json\/wp\/v2\/comments?post=29174"}],"version-history":[{"count":0,"href":"https:\/\/www.xn--krtler-3ya.com\/de\/wp-json\/wp\/v2\/pages\/29174\/revisions"}],"wp:attachment":[{"href":"https:\/\/www.xn--krtler-3ya.com\/de\/wp-json\/wp\/v2\/media?parent=29174"}],"curies":[{"name":"wp","href":"https:\/\/api.w.org\/{rel}","templated":true}]}}